{"id":4915,"date":"2022-11-18T15:54:58","date_gmt":"2022-11-18T14:54:58","guid":{"rendered":"https:\/\/ecrevis.eco\/site\/?page_id=4915"},"modified":"2025-03-16T18:59:09","modified_gmt":"2025-03-16T17:59:09","slug":"parts-sociales-racheter-commun","status":"publish","type":"page","link":"https:\/\/ecrevis.eco\/site\/parts-sociales-racheter-commun\/","title":{"rendered":"Apport associatif"},"content":{"rendered":"\n<h1 class=\"wp-block-heading has-text-align-center has-large-font-size\">Apport associatif<\/h1>\n\n\n\n<div style=\"height:50px\" aria-hidden=\"true\" class=\"wp-block-spacer\"><\/div>\n\n\n\n<h2 class=\"wp-block-heading\">Pourquoi l&rsquo;apport associatif\u00a0?<\/h2>\n\n\n\n<h4 class=\"wp-block-heading has-vivid-cyan-blue-color has-text-color\">En octobre 2023, les membres de l\u2019ECREVIS ont r\u00e9ussi un pari totalement fou : r\u00e9unir suffisamment d\u2019argent pour racheter la maison et ainsi poursuivre le projet collectif et territorial&nbsp;!!<\/h4>\n\n\n\n<div class=\"wp-block-columns is-layout-flex wp-container-core-columns-is-layout-1 wp-block-columns-is-layout-flex\">\n<div class=\"wp-block-column is-layout-flow wp-block-column-is-layout-flow\">\n<p>La maison a pu \u00eatre rachet\u00e9e gr\u00e2ce \u00e0 la cr\u00e9ativit\u00e9 et l&rsquo;implication des membres du collectif ainsi que le soutien de toute notre communaut\u00e9. Mais en devenant propri\u00e9taires, les frais de fonctionnement ont consid\u00e9rablement augment\u00e9, d&rsquo;autant plus que nous avons d\u00e9velopp\u00e9 de nouvelles activit\u00e9s. L&rsquo;achat de parts sociales reste donc un moyen extr\u00eamement pr\u00e9cieux de nous soutenir et de nous aider \u00e0 pr\u00e9server notre ind\u00e9pendance financi\u00e8re. L\u2019id\u00e9e est aussi d\u2019impliquer un maximum de personnes dans le projet afin de cr\u00e9er un lieu aux mains de ses utilisateurs&nbsp;; un <strong>bien commun<\/strong>.<\/p>\n\n\n\n<p>Ainsi, faire un apport associatif = faire un pr\u00eat \u00e0 taux z\u00e9ro, c\u2019est s\u2019impliquer dans un projet collectif et <strong>devenir propri\u00e9taire d\u2019un petit bout de l\u2019ECREVIS<\/strong>\u00a0!\u00a0<\/p>\n<\/div>\n<\/div>\n\n\n\n<div class=\"wp-block-media-text alignwide is-stacked-on-mobile\" style=\"grid-template-columns:46% auto\"><figure class=\"wp-block-media-text__media\"><img fetchpriority=\"high\" decoding=\"async\" width=\"1024\" height=\"541\" src=\"https:\/\/ecrevis.eco\/site\/wp-content\/uploads\/2022\/11\/WhatsApp-Image-2022-10-31-at-10.21.424.jpeg\" alt=\"\" class=\"wp-image-5015 size-full\" srcset=\"https:\/\/ecrevis.eco\/site\/wp-content\/uploads\/2022\/11\/WhatsApp-Image-2022-10-31-at-10.21.424.jpeg 1024w, https:\/\/ecrevis.eco\/site\/wp-content\/uploads\/2022\/11\/WhatsApp-Image-2022-10-31-at-10.21.424-300x158.jpeg 300w, https:\/\/ecrevis.eco\/site\/wp-content\/uploads\/2022\/11\/WhatsApp-Image-2022-10-31-at-10.21.424-768x406.jpeg 768w\" sizes=\"(max-width: 1024px) 100vw, 1024px\" \/><\/figure><div class=\"wp-block-media-text__content\">\n<h2 class=\"wp-block-heading has-text-align-left\">Concr\u00e8tement \u00e7a fonctionne comment&nbsp;?<\/h2>\n\n\n\n<ul>\n<li><strong>Les apports associatifs\u00a0fonctionnent par tranches de 100\u20ac. <\/strong>Ainsi, on peut faire un apport de 100, 300, 1000 ou m\u00eame 10\u00a0000\u20ac en fonction de la contribution que l\u2019on souhaite apporter \u00e0 l\u2019ECREVIS !<\/li>\n\n\n\n<li>Tant que l\u2019on d\u00e9tient au moins un apport associatif, <strong>on b\u00e9n\u00e9ficie du statut d\u2019adh\u00e9rent permanent.<\/strong><\/li>\n\n\n\n<li><strong>Les apports associatifs sont remboursables sur demande.<\/strong> \u00c7a fonctionne un peu comme un pr\u00eat \u00e0 taux 0 ou une <strong>part sociale<\/strong>, c\u2019est-\u00e0-dire que le montant rembours\u00e9 est \u00e9gal au montant pr\u00eat\u00e9 sans int\u00e9r\u00eat ni contrepartie financi\u00e8re.<\/li>\n<\/ul>\n<\/div><\/div>\n\n\n\n<p class=\"has-white-color has-text-color\">.<\/p>\n\n\n\n<div class=\"wp-block-media-text alignwide has-media-on-the-right is-stacked-on-mobile\" style=\"grid-template-columns:auto 17%\"><div class=\"wp-block-media-text__content\">\n<h3 class=\"wp-block-heading has-text-align-left\">Les 4 infos importantes par rapport au<strong> remboursement des apports associatifs<\/strong>&nbsp;:&nbsp;<\/h3>\n\n\n\n<ul>\n<li>La personne qui d\u00e9tient un apport associatif peut d\u00e9cider de la\u00a0reprendre\u00a0\u00e0 tout moment, mais <strong>au minimum un an apr\u00e8s avoir fait l&rsquo;apport.<\/strong><\/li>\n\n\n\n<li>Les remboursements seront faits <strong>dans l\u2019ordre chronologique des demandes.<\/strong><\/li>\n\n\n\n<li>L\u2019ECREVIS s\u2019engage \u00e0 rembourser le montant pr\u00eat\u00e9 le plus rapidement possible avec <strong>un d\u00e9lai maximum de 6 mois<\/strong> \u00e0 compter de la demande. Afin que les comptes de l\u2019ECREVIS restent p\u00e9rennes, deux&nbsp;modalit\u00e9s sont pr\u00e9vues dans le contrat pour \u00e9ventuellement allonger ce d\u00e9lai, notamment si beaucoup d&rsquo;apports associatifs venaient \u00e0 \u00eatre r\u00e9cup\u00e9r\u00e9es en m\u00eame temps.<\/li>\n<\/ul>\n<\/div><figure class=\"wp-block-media-text__media\"><img decoding=\"async\" width=\"757\" height=\"660\" src=\"https:\/\/ecrevis.eco\/site\/wp-content\/uploads\/2022\/11\/WhatsApp-Image-2022-10-31-at-10.21.425-2.jpeg\" alt=\"\" class=\"wp-image-5029 size-full\" srcset=\"https:\/\/ecrevis.eco\/site\/wp-content\/uploads\/2022\/11\/WhatsApp-Image-2022-10-31-at-10.21.425-2.jpeg 757w, https:\/\/ecrevis.eco\/site\/wp-content\/uploads\/2022\/11\/WhatsApp-Image-2022-10-31-at-10.21.425-2-300x262.jpeg 300w\" sizes=\"(max-width: 757px) 100vw, 757px\" \/><\/figure><\/div>\n\n\n\n<p class=\"has-text-align-center\"><em>On parle ici d&rsquo; \u00ab&nbsp;apport associatif&nbsp;\u00bb pour simplifier la compr\u00e9hension, mais pour une association, <\/em><br><em>le nom exact est \u00ab&nbsp;<strong>un apport associatif avec droit de reprise&nbsp;<\/strong>\u00bb.<\/em><\/p>\n\n\n\n<p class=\"has-white-color has-text-color\">.<\/p>\n\n\n\n<h2 class=\"wp-block-heading\">Comment faire des Apports Associatifs ?<\/h2>\n\n\n\n<p class=\"has-text-align-left\">Pour faire des apports associatifs, rien de plus simple, il vous suffit de cliquer sur le lien ci-dessous et de suivre le processus jusqu&rsquo;au bout !<\/p>\n\n\n\n<p><\/p>\n\n\n\n<p class=\"has-white-color has-text-color\"> .<\/p>\n\n\n\n<div class=\"wp-block-buttons is-content-justification-center is-layout-flex wp-container-core-buttons-is-layout-1 wp-block-buttons-is-layout-flex\">\n<div class=\"wp-block-button\"><a class=\"wp-block-button__link has-vivid-cyan-blue-background-color has-background wp-element-button\" href=\"https:\/\/ecrevis.eco\/site\/parts-sociales-valider-convention\/\"><strong>Faire un apport associatif<\/strong><\/a><\/div>\n<\/div>\n\n\n\n<p class=\"has-white-color has-text-color\">.<\/p>\n\n\n\n<p class=\"has-white-color has-text-color\">.<\/p>\n\n\n\n<p>Le m\u00e9canisme des apports associatifs propos\u00e9s par l&rsquo;ECREVIS est encadr\u00e9 par la <a href=\"https:\/\/ecrevis.eco\/site\/wp-content\/uploads\/2023\/01\/YYYY.MM_.JJ-Convention-dapport-LECREVIS-NOM-Vierge.pdf\" target=\"_blank\" rel=\"noreferrer noopener\">convention d&rsquo;apport d&rsquo;un fonds associatif<\/a>.<\/p>\n\n\n\n<p>Pour toute question, vous pouvez envoyer un email \u00e0 l&rsquo;adresse <a href=\"mailto:partsociale@ecrevis.eco\">partsociale@ecrevis.eco<\/a><\/p>\n\n\n\n<p><\/p>\n\n\n\n<p class=\"has-white-color has-text-color\">.<\/p>\n\n\n\n<h2 class=\"wp-block-heading\"><strong>Comment fonctionne l\u2019ECREVIS et comment se r\u00e9mun\u00e8re-t-elle&nbsp;?<\/strong><\/h2>\n\n\n\n<p>Cr\u00e9\u00e9 en 2018, l\u2019ECREVIS est un lieu unique tenu et g\u00e9r\u00e9 enti\u00e8rement par les b\u00e9n\u00e9voles. L\u2019endroit est ouvert \u00e0 toutes celles et ceux qui se reconnaissent dans ses valeurs, qui souhaitent participer \u00e0 des ateliers manuels, proposer leurs id\u00e9es et savoir-faire, assister \u00e0 une projection, se r\u00e9unir avec un collectif, cuisiner, rencontrer de nouvelles personnes, penser et co-construire le monde de demain\u2026<\/p>\n\n\n\n<div class=\"wp-block-media-text alignwide is-stacked-on-mobile\" style=\"grid-template-columns:58% auto\"><figure class=\"wp-block-media-text__media\"><img decoding=\"async\" width=\"1024\" height=\"569\" src=\"https:\/\/ecrevis.eco\/site\/wp-content\/uploads\/2022\/11\/WhatsApp-Image-2022-06-07-at-17.23.453.jpeg\" alt=\"\" class=\"wp-image-5024 size-full\" srcset=\"https:\/\/ecrevis.eco\/site\/wp-content\/uploads\/2022\/11\/WhatsApp-Image-2022-06-07-at-17.23.453.jpeg 1024w, https:\/\/ecrevis.eco\/site\/wp-content\/uploads\/2022\/11\/WhatsApp-Image-2022-06-07-at-17.23.453-300x167.jpeg 300w, https:\/\/ecrevis.eco\/site\/wp-content\/uploads\/2022\/11\/WhatsApp-Image-2022-06-07-at-17.23.453-768x427.jpeg 768w\" sizes=\"(max-width: 1024px) 100vw, 1024px\" \/><\/figure><div class=\"wp-block-media-text__content\">\n<p>Ce sont aussi 40 collectifs et associations qui s\u2019y r\u00e9unissent, plus de 2000 adh\u00e9rent\u00b7es, soit une communaut\u00e9 de plus de 7000 personnes qui animent une vingtaine d\u2019activit\u00e9s et \u00e9v\u00e9nements chaque semaine pour exp\u00e9rimenter de nouveaux modes de vie alternatifs plus \u00e9cologiques et solidaires.<\/p>\n\n\n\n<p>Le financement de l\u2019ECREVIS est assur\u00e9 par divers apports&nbsp;: location d\u2019espaces, nombreux&nbsp;ateliers et \u00e9v\u00e9nements \u00e0 prix libre et conscient,&nbsp;adh\u00e9sions, dons\u2026 Ce syst\u00e8me permettait, jusqu\u2019en 2022, de payer un loyer de 2 000\u20ac par mois. En achetant la maison, il est n\u00e9cessaire d\u2019augmenter les revenus de l\u2019association en cons\u00e9quence. Le mod\u00e8le \u00e9conomique sera adapt\u00e9 pour inclure notamment la location de plusieurs espaces peu disponibles dans la r\u00e9gion, \u00e0 un prix abordable pour tous leurs usagers&nbsp;: espaces de coworking, salles de r\u00e9union, ateliers d\u2019artistes\u2026<\/p>\n<\/div><\/div>\n\n\n\n<p class=\"has-white-color has-text-color\">.<\/p>\n\n\n\n<p><\/p>\n\n\n\n<p><\/p>\n","protected":false},"excerpt":{"rendered":"<p>Apport associatif Pourquoi l&rsquo;apport associatif\u00a0? En octobre 2023, les membres de l\u2019ECREVIS ont r\u00e9ussi un pari totalement fou : r\u00e9unir suffisamment d\u2019argent pour racheter la maison et ainsi poursuivre le projet collectif et territorial&nbsp;!! La maison a pu \u00eatre rachet\u00e9e gr\u00e2ce \u00e0 la cr\u00e9ativit\u00e9 et l&rsquo;implication des membres du collectif ainsi que le soutien de [&hellip;]<\/p>\n","protected":false},"author":4,"featured_media":4867,"parent":0,"menu_order":0,"comment_status":"closed","ping_status":"closed","template":"","meta":{"ocean_post_layout":"","ocean_both_sidebars_style":"","ocean_both_sidebars_content_width":0,"ocean_both_sidebars_sidebars_width":0,"ocean_sidebar":"0","ocean_second_sidebar":"0","ocean_disable_margins":"enable","ocean_add_body_class":"","ocean_shortcode_before_top_bar":"","ocean_shortcode_after_top_bar":"","ocean_shortcode_before_header":"","ocean_shortcode_after_header":"","ocean_has_shortcode":"","ocean_shortcode_after_title":"","ocean_shortcode_before_footer_widgets":"","ocean_shortcode_after_footer_widgets":"","ocean_shortcode_before_footer_bottom":"","ocean_shortcode_after_footer_bottom":"","ocean_display_top_bar":"default","ocean_display_header":"default","ocean_header_style":"","ocean_center_header_left_menu":"0","ocean_custom_header_template":"0","ocean_custom_logo":0,"ocean_custom_retina_logo":0,"ocean_custom_logo_max_width":0,"ocean_custom_logo_tablet_max_width":0,"ocean_custom_logo_mobile_max_width":0,"ocean_custom_logo_max_height":0,"ocean_custom_logo_tablet_max_height":0,"ocean_custom_logo_mobile_max_height":0,"ocean_header_custom_menu":"0","ocean_menu_typo_font_family":"0","ocean_menu_typo_font_subset":"","ocean_menu_typo_font_size":0,"ocean_menu_typo_font_size_tablet":0,"ocean_menu_typo_font_size_mobile":0,"ocean_menu_typo_font_size_unit":"px","ocean_menu_typo_font_weight":"","ocean_menu_typo_font_weight_tablet":"","ocean_menu_typo_font_weight_mobile":"","ocean_menu_typo_transform":"","ocean_menu_typo_transform_tablet":"","ocean_menu_typo_transform_mobile":"","ocean_menu_typo_line_height":0,"ocean_menu_typo_line_height_tablet":0,"ocean_menu_typo_line_height_mobile":0,"ocean_menu_typo_line_height_unit":"","ocean_menu_typo_spacing":0,"ocean_menu_typo_spacing_tablet":0,"ocean_menu_typo_spacing_mobile":0,"ocean_menu_typo_spacing_unit":"","ocean_menu_link_color":"","ocean_menu_link_color_hover":"","ocean_menu_link_color_active":"","ocean_menu_link_background":"","ocean_menu_link_hover_background":"","ocean_menu_link_active_background":"","ocean_menu_social_links_bg":"","ocean_menu_social_hover_links_bg":"","ocean_menu_social_links_color":"","ocean_menu_social_hover_links_color":"","ocean_disable_title":"default","ocean_disable_heading":"default","ocean_post_title":"","ocean_post_subheading":"","ocean_post_title_style":"","ocean_post_title_background_color":"","ocean_post_title_background":0,"ocean_post_title_bg_image_position":"","ocean_post_title_bg_image_attachment":"","ocean_post_title_bg_image_repeat":"","ocean_post_title_bg_image_size":"","ocean_post_title_height":0,"ocean_post_title_bg_overlay":0.5,"ocean_post_title_bg_overlay_color":"","ocean_disable_breadcrumbs":"default","ocean_breadcrumbs_color":"","ocean_breadcrumbs_separator_color":"","ocean_breadcrumbs_links_color":"","ocean_breadcrumbs_links_hover_color":"","ocean_display_footer_widgets":"default","ocean_display_footer_bottom":"default","ocean_custom_footer_template":"0","omw_enable_modal_window":"enable","footnotes":""},"yoast_head":"<!-- This site is optimized with the Yoast SEO plugin v24.5 - https:\/\/yoast.com\/wordpress\/plugins\/seo\/ -->\n<title>Apport associatif - L&#039;ECREVIS<\/title>\n<meta name=\"robots\" content=\"index, follow, max-snippet:-1, max-image-preview:large, max-video-preview:-1\" \/>\n<link rel=\"canonical\" href=\"https:\/\/ecrevis.eco\/site\/parts-sociales-racheter-commun\/\" \/>\n<meta property=\"og:locale\" content=\"fr_FR\" \/>\n<meta property=\"og:type\" content=\"article\" \/>\n<meta property=\"og:title\" content=\"Apport associatif - L&#039;ECREVIS\" \/>\n<meta property=\"og:description\" content=\"Apport associatif Pourquoi l&rsquo;apport associatif\u00a0? En octobre 2023, les membres de l\u2019ECREVIS ont r\u00e9ussi un pari totalement fou : r\u00e9unir suffisamment d\u2019argent pour racheter la maison et ainsi poursuivre le projet collectif et territorial&nbsp;!! La maison a pu \u00eatre rachet\u00e9e gr\u00e2ce \u00e0 la cr\u00e9ativit\u00e9 et l&rsquo;implication des membres du collectif ainsi que le soutien de [&hellip;]\" \/>\n<meta property=\"og:url\" content=\"https:\/\/ecrevis.eco\/site\/parts-sociales-racheter-commun\/\" \/>\n<meta property=\"og:site_name\" content=\"L&#039;ECREVIS\" \/>\n<meta property=\"article:publisher\" content=\"https:\/\/www.facebook.com\/ecrevis.annecy\" \/>\n<meta property=\"article:modified_time\" content=\"2025-03-16T17:59:09+00:00\" \/>\n<meta property=\"og:image\" content=\"https:\/\/ecrevis.eco\/site\/wp-content\/uploads\/2022\/06\/Capture-de\u0301cran-2022-06-17-a\u0300-12.26.03.png\" \/>\n\t<meta property=\"og:image:width\" content=\"790\" \/>\n\t<meta property=\"og:image:height\" content=\"240\" \/>\n\t<meta property=\"og:image:type\" content=\"image\/png\" \/>\n<meta name=\"twitter:card\" content=\"summary_large_image\" \/>\n<meta name=\"twitter:label1\" content=\"Dur\u00e9e de lecture estim\u00e9e\" \/>\n\t<meta name=\"twitter:data1\" content=\"4 minutes\" \/>\n<script type=\"application\/ld+json\" class=\"yoast-schema-graph\">{\"@context\":\"https:\/\/schema.org\",\"@graph\":[{\"@type\":\"WebPage\",\"@id\":\"https:\/\/ecrevis.eco\/site\/parts-sociales-racheter-commun\/\",\"url\":\"https:\/\/ecrevis.eco\/site\/parts-sociales-racheter-commun\/\",\"name\":\"Apport associatif - L&#039;ECREVIS\",\"isPartOf\":{\"@id\":\"https:\/\/ecrevis.eco\/site\/#website\"},\"primaryImageOfPage\":{\"@id\":\"https:\/\/ecrevis.eco\/site\/parts-sociales-racheter-commun\/#primaryimage\"},\"image\":{\"@id\":\"https:\/\/ecrevis.eco\/site\/parts-sociales-racheter-commun\/#primaryimage\"},\"thumbnailUrl\":\"https:\/\/ecrevis.eco\/site\/wp-content\/uploads\/2022\/06\/Capture-de\u0301cran-2022-06-17-a\u0300-12.26.03.png\",\"datePublished\":\"2022-11-18T14:54:58+00:00\",\"dateModified\":\"2025-03-16T17:59:09+00:00\",\"breadcrumb\":{\"@id\":\"https:\/\/ecrevis.eco\/site\/parts-sociales-racheter-commun\/#breadcrumb\"},\"inLanguage\":\"fr-FR\",\"potentialAction\":[{\"@type\":\"ReadAction\",\"target\":[\"https:\/\/ecrevis.eco\/site\/parts-sociales-racheter-commun\/\"]}]},{\"@type\":\"ImageObject\",\"inLanguage\":\"fr-FR\",\"@id\":\"https:\/\/ecrevis.eco\/site\/parts-sociales-racheter-commun\/#primaryimage\",\"url\":\"https:\/\/ecrevis.eco\/site\/wp-content\/uploads\/2022\/06\/Capture-de\u0301cran-2022-06-17-a\u0300-12.26.03.png\",\"contentUrl\":\"https:\/\/ecrevis.eco\/site\/wp-content\/uploads\/2022\/06\/Capture-de\u0301cran-2022-06-17-a\u0300-12.26.03.png\",\"width\":790,\"height\":240},{\"@type\":\"BreadcrumbList\",\"@id\":\"https:\/\/ecrevis.eco\/site\/parts-sociales-racheter-commun\/#breadcrumb\",\"itemListElement\":[{\"@type\":\"ListItem\",\"position\":1,\"name\":\"Accueil\",\"item\":\"https:\/\/ecrevis.eco\/site\/\"},{\"@type\":\"ListItem\",\"position\":2,\"name\":\"Apport associatif\"}]},{\"@type\":\"WebSite\",\"@id\":\"https:\/\/ecrevis.eco\/site\/#website\",\"url\":\"https:\/\/ecrevis.eco\/site\/\",\"name\":\"L'ECREVIS\",\"description\":\"\",\"publisher\":{\"@id\":\"https:\/\/ecrevis.eco\/site\/#organization\"},\"potentialAction\":[{\"@type\":\"SearchAction\",\"target\":{\"@type\":\"EntryPoint\",\"urlTemplate\":\"https:\/\/ecrevis.eco\/site\/?s={search_term_string}\"},\"query-input\":{\"@type\":\"PropertyValueSpecification\",\"valueRequired\":true,\"valueName\":\"search_term_string\"}}],\"inLanguage\":\"fr-FR\"},{\"@type\":\"Organization\",\"@id\":\"https:\/\/ecrevis.eco\/site\/#organization\",\"name\":\"L'ECREVIS\",\"url\":\"https:\/\/ecrevis.eco\/site\/\",\"logo\":{\"@type\":\"ImageObject\",\"inLanguage\":\"fr-FR\",\"@id\":\"https:\/\/ecrevis.eco\/site\/#\/schema\/logo\/image\/\",\"url\":\"https:\/\/ecrevis.eco\/site\/wp-content\/uploads\/2019\/03\/cropped-LOGO-E-CRE-VIS-BLEU-1.jpg\",\"contentUrl\":\"https:\/\/ecrevis.eco\/site\/wp-content\/uploads\/2019\/03\/cropped-LOGO-E-CRE-VIS-BLEU-1.jpg\",\"width\":1529,\"height\":1174,\"caption\":\"L'ECREVIS\"},\"image\":{\"@id\":\"https:\/\/ecrevis.eco\/site\/#\/schema\/logo\/image\/\"},\"sameAs\":[\"https:\/\/www.facebook.com\/ecrevis.annecy\",\"https:\/\/www.instagram.com\/ecrevis.annecy\",\"https:\/\/www.linkedin.com\/company\/ecrevisannecy\/\"]}]}<\/script>\n<!-- \/ Yoast SEO plugin. -->","yoast_head_json":{"title":"Apport associatif - L&#039;ECREVIS","robots":{"index":"index","follow":"follow","max-snippet":"max-snippet:-1","max-image-preview":"max-image-preview:large","max-video-preview":"max-video-preview:-1"},"canonical":"https:\/\/ecrevis.eco\/site\/parts-sociales-racheter-commun\/","og_locale":"fr_FR","og_type":"article","og_title":"Apport associatif - L&#039;ECREVIS","og_description":"Apport associatif Pourquoi l&rsquo;apport associatif\u00a0? En octobre 2023, les membres de l\u2019ECREVIS ont r\u00e9ussi un pari totalement fou : r\u00e9unir suffisamment d\u2019argent pour racheter la maison et ainsi poursuivre le projet collectif et territorial&nbsp;!! La maison a pu \u00eatre rachet\u00e9e gr\u00e2ce \u00e0 la cr\u00e9ativit\u00e9 et l&rsquo;implication des membres du collectif ainsi que le soutien de [&hellip;]","og_url":"https:\/\/ecrevis.eco\/site\/parts-sociales-racheter-commun\/","og_site_name":"L&#039;ECREVIS","article_publisher":"https:\/\/www.facebook.com\/ecrevis.annecy","article_modified_time":"2025-03-16T17:59:09+00:00","og_image":[{"width":790,"height":240,"url":"https:\/\/ecrevis.eco\/site\/wp-content\/uploads\/2022\/06\/Capture-de\u0301cran-2022-06-17-a\u0300-12.26.03.png","type":"image\/png"}],"twitter_card":"summary_large_image","twitter_misc":{"Dur\u00e9e de lecture estim\u00e9e":"4 minutes"},"schema":{"@context":"https:\/\/schema.org","@graph":[{"@type":"WebPage","@id":"https:\/\/ecrevis.eco\/site\/parts-sociales-racheter-commun\/","url":"https:\/\/ecrevis.eco\/site\/parts-sociales-racheter-commun\/","name":"Apport associatif - L&#039;ECREVIS","isPartOf":{"@id":"https:\/\/ecrevis.eco\/site\/#website"},"primaryImageOfPage":{"@id":"https:\/\/ecrevis.eco\/site\/parts-sociales-racheter-commun\/#primaryimage"},"image":{"@id":"https:\/\/ecrevis.eco\/site\/parts-sociales-racheter-commun\/#primaryimage"},"thumbnailUrl":"https:\/\/ecrevis.eco\/site\/wp-content\/uploads\/2022\/06\/Capture-de\u0301cran-2022-06-17-a\u0300-12.26.03.png","datePublished":"2022-11-18T14:54:58+00:00","dateModified":"2025-03-16T17:59:09+00:00","breadcrumb":{"@id":"https:\/\/ecrevis.eco\/site\/parts-sociales-racheter-commun\/#breadcrumb"},"inLanguage":"fr-FR","potentialAction":[{"@type":"ReadAction","target":["https:\/\/ecrevis.eco\/site\/parts-sociales-racheter-commun\/"]}]},{"@type":"ImageObject","inLanguage":"fr-FR","@id":"https:\/\/ecrevis.eco\/site\/parts-sociales-racheter-commun\/#primaryimage","url":"https:\/\/ecrevis.eco\/site\/wp-content\/uploads\/2022\/06\/Capture-de\u0301cran-2022-06-17-a\u0300-12.26.03.png","contentUrl":"https:\/\/ecrevis.eco\/site\/wp-content\/uploads\/2022\/06\/Capture-de\u0301cran-2022-06-17-a\u0300-12.26.03.png","width":790,"height":240},{"@type":"BreadcrumbList","@id":"https:\/\/ecrevis.eco\/site\/parts-sociales-racheter-commun\/#breadcrumb","itemListElement":[{"@type":"ListItem","position":1,"name":"Accueil","item":"https:\/\/ecrevis.eco\/site\/"},{"@type":"ListItem","position":2,"name":"Apport associatif"}]},{"@type":"WebSite","@id":"https:\/\/ecrevis.eco\/site\/#website","url":"https:\/\/ecrevis.eco\/site\/","name":"L'ECREVIS","description":"","publisher":{"@id":"https:\/\/ecrevis.eco\/site\/#organization"},"potentialAction":[{"@type":"SearchAction","target":{"@type":"EntryPoint","urlTemplate":"https:\/\/ecrevis.eco\/site\/?s={search_term_string}"},"query-input":{"@type":"PropertyValueSpecification","valueRequired":true,"valueName":"search_term_string"}}],"inLanguage":"fr-FR"},{"@type":"Organization","@id":"https:\/\/ecrevis.eco\/site\/#organization","name":"L'ECREVIS","url":"https:\/\/ecrevis.eco\/site\/","logo":{"@type":"ImageObject","inLanguage":"fr-FR","@id":"https:\/\/ecrevis.eco\/site\/#\/schema\/logo\/image\/","url":"https:\/\/ecrevis.eco\/site\/wp-content\/uploads\/2019\/03\/cropped-LOGO-E-CRE-VIS-BLEU-1.jpg","contentUrl":"https:\/\/ecrevis.eco\/site\/wp-content\/uploads\/2019\/03\/cropped-LOGO-E-CRE-VIS-BLEU-1.jpg","width":1529,"height":1174,"caption":"L'ECREVIS"},"image":{"@id":"https:\/\/ecrevis.eco\/site\/#\/schema\/logo\/image\/"},"sameAs":["https:\/\/www.facebook.com\/ecrevis.annecy","https:\/\/www.instagram.com\/ecrevis.annecy","https:\/\/www.linkedin.com\/company\/ecrevisannecy\/"]}]}},"_links":{"self":[{"href":"https:\/\/ecrevis.eco\/site\/wp-json\/wp\/v2\/pages\/4915"}],"collection":[{"href":"https:\/\/ecrevis.eco\/site\/wp-json\/wp\/v2\/pages"}],"about":[{"href":"https:\/\/ecrevis.eco\/site\/wp-json\/wp\/v2\/types\/page"}],"author":[{"embeddable":true,"href":"https:\/\/ecrevis.eco\/site\/wp-json\/wp\/v2\/users\/4"}],"replies":[{"embeddable":true,"href":"https:\/\/ecrevis.eco\/site\/wp-json\/wp\/v2\/comments?post=4915"}],"version-history":[{"count":57,"href":"https:\/\/ecrevis.eco\/site\/wp-json\/wp\/v2\/pages\/4915\/revisions"}],"predecessor-version":[{"id":6424,"href":"https:\/\/ecrevis.eco\/site\/wp-json\/wp\/v2\/pages\/4915\/revisions\/6424"}],"wp:featuredmedia":[{"embeddable":true,"href":"https:\/\/ecrevis.eco\/site\/wp-json\/wp\/v2\/media\/4867"}],"wp:attachment":[{"href":"https:\/\/ecrevis.eco\/site\/wp-json\/wp\/v2\/media?parent=4915"}],"curies":[{"name":"wp","href":"https:\/\/api.w.org\/{rel}","templated":true}]}}