{"id":4934,"date":"2022-10-28T19:16:12","date_gmt":"2022-10-28T17:16:12","guid":{"rendered":"https:\/\/ecrevis.eco\/site\/?page_id=4934"},"modified":"2026-03-06T10:44:17","modified_gmt":"2026-03-06T09:44:17","slug":"devenir-benevole","status":"publish","type":"page","link":"https:\/\/ecrevis.eco\/site\/devenir-benevole\/","title":{"rendered":"Devenir b\u00e9n\u00e9vole \u00e0 l&rsquo;ECREVIS"},"content":{"rendered":"\n<h2 class=\"wp-block-heading has-text-align-center\">Vous cherchez un moyen de vous impliquer \u00e0 l\u2019ECREVIS ? Vous pouvez donner une heure de b\u00e9n\u00e9volat par ci, par l\u00e0, une journ\u00e9e ou bien vous engager \u00e0 l&rsquo;ann\u00e9e ! <\/h2>\n\n\n\n<p class=\"has-text-align-center\">Nous fonctionnons en groupe de travail s&rsquo;occupant chacun d&rsquo;un besoin pr\u00e9cis. <br>Vous pouvez venir le premier jeudi de chaque mois \u00e0 l&rsquo;ECREVIS, \u00e0 18h30 et vous serez accueilli.es par le groupe META qui vous fera visiter le lieu suivi d&rsquo;une explication de l&rsquo;organisation du lieu et son fonctionnement. <br>Vous pourrez ensuite rejoindre des groupes de travail si vous le d\u00e9sirez ou venir ponctuellement pour des coups de main.<\/p>\n\n\n\n<figure class=\"wp-block-image size-large\"><img fetchpriority=\"high\" decoding=\"async\" width=\"1024\" height=\"546\" src=\"https:\/\/ecrevis.eco\/site\/wp-content\/uploads\/2026\/03\/Accueil-des-nouvelleaux-benevoles-1024x546.jpg\" alt=\"\" class=\"wp-image-7336\" srcset=\"https:\/\/ecrevis.eco\/site\/wp-content\/uploads\/2026\/03\/Accueil-des-nouvelleaux-benevoles-1024x546.jpg 1024w, https:\/\/ecrevis.eco\/site\/wp-content\/uploads\/2026\/03\/Accueil-des-nouvelleaux-benevoles-300x160.jpg 300w, https:\/\/ecrevis.eco\/site\/wp-content\/uploads\/2026\/03\/Accueil-des-nouvelleaux-benevoles-768x410.jpg 768w, https:\/\/ecrevis.eco\/site\/wp-content\/uploads\/2026\/03\/Accueil-des-nouvelleaux-benevoles.jpg 1485w\" sizes=\"(max-width: 1024px) 100vw, 1024px\" \/><\/figure>\n\n\n\n<p>Tu souhaites te rendre utile et r\u00eaves de t&rsquo;investir \u00e0 l&rsquo;ECREVIS ? Mais quelle merveilleuse id\u00e9e ! Pas besoin d&rsquo;en dire plus, on est s\u00fbr\u00b7e que tu es d\u00e9j\u00e0 convaincu\u00b7e ! Non ? Bon ok, on peut faire mieux.<\/p>\n\n\n\n<p>Pour faire de ce r\u00eave une r\u00e9alit\u00e9, ne manque pas ce rendez-vous ! Nous t&rsquo;invitons \u00e0 cette <strong>r\u00e9union d&rsquo;accueil des nouveaux et nouvelles<\/strong> afin de te pr\u00e9senter, te montrer et t&rsquo;expliquer notre fonctionnement, notre gouvernance, nos outils et nos besoins <img decoding=\"async\" height=\"16\" width=\"16\" src=\"https:\/\/static.xx.fbcdn.net\/images\/emoji.php\/v9\/t7f\/1\/16\/1f60a.png\" alt=\"\ud83d\ude0a\"> Cette rencontre sera anim\u00e9e par le groupe m\u00e9ta-organisation, en charge de la mise ne place de notre gouvernance partag\u00e9e. Ce sera \u00e9galement l&rsquo;occasion de mieux comprendre ce que nous faisons, nos besoins et de r\u00e9pondre \u00e0 vos questions.<\/p>\n\n\n\n<p>M\u00eame si tu es simple curieux\u00b7se, viens nous rencontrer ! Il y a toujours besoin de petites et de grandes mains, ton aide sera donc la bienvenue. Nous t&rsquo;attendons donc avec tes questions, ta curiosit\u00e9, ta bonne humeur  ! Au plaisir de vous y voir <img decoding=\"async\" height=\"16\" width=\"16\" src=\"https:\/\/static.xx.fbcdn.net\/images\/emoji.php\/v9\/t58\/1\/16\/1f929.png\" alt=\"\ud83e\udd29\"><\/p>\n\n\n\n<p>Et apr\u00e8s l&rsquo;accueil, on enchaine sur la soir\u00e9e mensuelle organis\u00e9e par les b\u00e9n\u00e9voles r\u00e9guliers ! Une belle occasion de rencontrer du monde.<br><\/p>\n\n\n\n<h2 class=\"wp-block-heading has-text-align-center\">Aussi, voici quelques besoins pr\u00e9cis pour mettre le pied \u00e0 l\u2019\u00e9trier et participer au projet !<\/h2>\n\n\n\n<div class=\"wp-block-media-text alignwide is-stacked-on-mobile\" style=\"grid-template-columns:32% auto\"><figure class=\"wp-block-media-text__media\"><img loading=\"lazy\" decoding=\"async\" width=\"1024\" height=\"546\" src=\"https:\/\/ecrevis.eco\/site\/wp-content\/uploads\/2026\/01\/Banniere-Evenement-facebook-1-1024x546.jpg\" alt=\"\" class=\"wp-image-7301 size-full\" srcset=\"https:\/\/ecrevis.eco\/site\/wp-content\/uploads\/2026\/01\/Banniere-Evenement-facebook-1-1024x546.jpg 1024w, https:\/\/ecrevis.eco\/site\/wp-content\/uploads\/2026\/01\/Banniere-Evenement-facebook-1-300x160.jpg 300w, https:\/\/ecrevis.eco\/site\/wp-content\/uploads\/2026\/01\/Banniere-Evenement-facebook-1-768x410.jpg 768w, https:\/\/ecrevis.eco\/site\/wp-content\/uploads\/2026\/01\/Banniere-Evenement-facebook-1.jpg 1485w\" sizes=\"(max-width: 1024px) 100vw, 1024px\" \/><\/figure><div class=\"wp-block-media-text__content\">\n<h2 class=\"wp-block-heading\"><strong>Les go\u00fbters-m\u00e9nage mensuels &#8211; Un mercredi par mois<\/strong> \u00e0 14h30<\/h2>\n\n\n\n<p>Tout le monde est bienvenue pour faire briller l&rsquo;ECREVIS de mille feux !<br>Aspi, poussi\u00e8re, frigo, tout doit y passer donc on a besoin de bras. \ud83d\ude09<br>Et pour se r\u00e9compenser, amenez de quoi faire un go\u00fbter partag\u00e9 ou venez cuisiner un g\u00e2teau ! \ud83c\udf6a\u2615<br>Rendez-vous dans l<a href=\"https:\/\/ecrevis.eco\/site\/agenda\/\">&lsquo;agenda pour voir la date du mois !<\/a> (G\u00e9n\u00e9ralement au milieu du mois)<br><\/p>\n<\/div><\/div>\n\n\n\n<div class=\"wp-block-media-text alignwide has-media-on-the-right is-stacked-on-mobile\" style=\"grid-template-columns:auto 33%\"><div class=\"wp-block-media-text__content\">\n<h2 class=\"wp-block-heading\"><strong>P\u00f4le travaux<\/strong><\/h2>\n\n\n\n<p>Un grand chantier participatif se profile \u00e0 l&rsquo;ECREVIS ! Le 2\u00e8me \u00e9tage ont besoin d&rsquo;un coup de frais. Venez participer, que vous soyez exp\u00e9riment\u00e9s dans le domaine ou non, pour rendre la maison de l&rsquo;ECREVIS encore plus belle et accueillante !<br>Contactez-nous si vous \u00eates int\u00e9ress\u00e9.e : <a href=\"mailto:travaux@ecrevis.eco\">travaux@ecrevis.eco<\/a><\/p>\n<\/div><figure class=\"wp-block-media-text__media\"><img loading=\"lazy\" decoding=\"async\" width=\"1024\" height=\"765\" src=\"https:\/\/ecrevis.eco\/site\/wp-content\/uploads\/2023\/06\/645e53441586570d113564cf-1024x765.png\" alt=\"\" class=\"wp-image-5820 size-full\" srcset=\"https:\/\/ecrevis.eco\/site\/wp-content\/uploads\/2023\/06\/645e53441586570d113564cf-1024x765.png 1024w, https:\/\/ecrevis.eco\/site\/wp-content\/uploads\/2023\/06\/645e53441586570d113564cf-300x224.png 300w, https:\/\/ecrevis.eco\/site\/wp-content\/uploads\/2023\/06\/645e53441586570d113564cf-768x574.png 768w, https:\/\/ecrevis.eco\/site\/wp-content\/uploads\/2023\/06\/645e53441586570d113564cf.png 1224w\" sizes=\"(max-width: 1024px) 100vw, 1024px\" \/><\/figure><\/div>\n\n\n\n<div class=\"wp-block-media-text alignwide is-stacked-on-mobile\" style=\"grid-template-columns:32% auto\"><figure class=\"wp-block-media-text__media\"><img loading=\"lazy\" decoding=\"async\" width=\"1000\" height=\"582\" src=\"https:\/\/ecrevis.eco\/site\/wp-content\/uploads\/2022\/10\/11.png\" alt=\"\" class=\"wp-image-4945 size-full\" srcset=\"https:\/\/ecrevis.eco\/site\/wp-content\/uploads\/2022\/10\/11.png 1000w, https:\/\/ecrevis.eco\/site\/wp-content\/uploads\/2022\/10\/11-300x175.png 300w, https:\/\/ecrevis.eco\/site\/wp-content\/uploads\/2022\/10\/11-768x447.png 768w\" sizes=\"(max-width: 1000px) 100vw, 1000px\" \/><\/figure><div class=\"wp-block-media-text__content\">\n<h2 class=\"wp-block-heading\"><strong>P\u00f4le ateliers<\/strong><\/h2>\n\n\n\n<p>Notre super menuisier b\u00e9n\u00e9vole est absent quelques temps, on accueille avec plaisir menuisi\u00e8re et menuisier en activit\u00e9 ou non, avec un peu de temps \u00e0 consacrer pour aider les adh\u00e9rents dans leur projet et que les ateliers vivent ! Vous pouvez nous contacter \u00e0 l\u2019adresse g\u00e9n\u00e9rale : <a href=\"mailto:ecrouvis@ecrevis.eco\">ecrouvis@ecrevis.eco<\/a><\/p>\n<\/div><\/div>\n\n\n\n<div class=\"wp-block-media-text alignwide has-media-on-the-right is-stacked-on-mobile\" style=\"grid-template-columns:auto 32%\"><div class=\"wp-block-media-text__content\">\n<h2 class=\"wp-block-heading\">P\u00f4le communication <\/h2>\n\n\n\n<p>R\u00e9diger des articles sur les b\u00e9n\u00e9voles, les espaces, des reportages sur les \u00e9v\u00e9nements, relayer les \u00e9v\u00e9nements dans le d\u00e9partement via les r\u00e9seaux&#8230;voici quelques exemples parmi d\u2019autres ! Pour plus d\u2019information, vous pouvez nous contacter \u00e0 l\u2019adresse : <a href=\"mailto:communication@ecrevis.eco\">communication@ecrevis.eco<\/a><\/p>\n<\/div><figure class=\"wp-block-media-text__media\"><img loading=\"lazy\" decoding=\"async\" width=\"1000\" height=\"582\" src=\"https:\/\/ecrevis.eco\/site\/wp-content\/uploads\/2022\/10\/12.png\" alt=\"\" class=\"wp-image-4951 size-full\" srcset=\"https:\/\/ecrevis.eco\/site\/wp-content\/uploads\/2022\/10\/12.png 1000w, https:\/\/ecrevis.eco\/site\/wp-content\/uploads\/2022\/10\/12-300x175.png 300w, https:\/\/ecrevis.eco\/site\/wp-content\/uploads\/2022\/10\/12-768x447.png 768w\" sizes=\"(max-width: 1000px) 100vw, 1000px\" \/><\/figure><\/div>\n\n\n\n<div class=\"wp-block-media-text alignwide is-stacked-on-mobile\" style=\"grid-template-columns:32% auto\"><figure class=\"wp-block-media-text__media\"><img loading=\"lazy\" decoding=\"async\" width=\"1000\" height=\"582\" src=\"https:\/\/ecrevis.eco\/site\/wp-content\/uploads\/2022\/10\/10-1.png\" alt=\"\" class=\"wp-image-4954 size-full\" srcset=\"https:\/\/ecrevis.eco\/site\/wp-content\/uploads\/2022\/10\/10-1.png 1000w, https:\/\/ecrevis.eco\/site\/wp-content\/uploads\/2022\/10\/10-1-300x175.png 300w, https:\/\/ecrevis.eco\/site\/wp-content\/uploads\/2022\/10\/10-1-768x447.png 768w\" sizes=\"(max-width: 1000px) 100vw, 1000px\" \/><\/figure><div class=\"wp-block-media-text__content\">\n<h2 class=\"wp-block-heading\">P\u00f4le \u00e9v\u00e9nementiel<\/h2>\n\n\n\n<p>Nous recherchons des b\u00e9n\u00e9voles pour pr\u00e9parer et r\u00e9fl\u00e9chir \u00e0 tous les \u00e9v\u00e9nements de l&rsquo;ECREVIS ! Mais \u00e9galement venir pr\u00e9parer des bons repas et tenir le bar asso !<br>Si cela vous int\u00e9resse, venez le jeudi soir ou pendant les marmelades, un\u00b7e b\u00e9n\u00e9vole sera g\u00e9n\u00e9ralement l\u00e0 pour vous montrer les ficelles. Pour plus d\u2019information, vous pouvez nous contacter \u00e0 l\u2019adresse : <a href=\"mailto:projet@ecrevis.eco\">projet@ecrevis.eco<\/a><\/p>\n<\/div><\/div>\n","protected":false},"excerpt":{"rendered":"<p>Vous cherchez un moyen de vous impliquer \u00e0 l\u2019ECREVIS ? Vous pouvez donner une heure de b\u00e9n\u00e9volat par ci, par l\u00e0, une journ\u00e9e ou bien vous engager \u00e0 l&rsquo;ann\u00e9e ! Nous fonctionnons en groupe de travail s&rsquo;occupant chacun d&rsquo;un besoin pr\u00e9cis. Vous pouvez venir le premier jeudi de chaque mois \u00e0 l&rsquo;ECREVIS, \u00e0 18h30 et [&hellip;]<\/p>\n","protected":false},"author":12,"featured_media":4936,"parent":0,"menu_order":0,"comment_status":"closed","ping_status":"closed","template":"","meta":{"ocean_post_layout":"","ocean_both_sidebars_style":"","ocean_both_sidebars_content_width":0,"ocean_both_sidebars_sidebars_width":0,"ocean_sidebar":"0","ocean_second_sidebar":"0","ocean_disable_margins":"enable","ocean_add_body_class":"","ocean_shortcode_before_top_bar":"","ocean_shortcode_after_top_bar":"","ocean_shortcode_before_header":"","ocean_shortcode_after_header":"","ocean_has_shortcode":"","ocean_shortcode_after_title":"","ocean_shortcode_before_footer_widgets":"","ocean_shortcode_after_footer_widgets":"","ocean_shortcode_before_footer_bottom":"","ocean_shortcode_after_footer_bottom":"","ocean_display_top_bar":"default","ocean_display_header":"default","ocean_header_style":"","ocean_center_header_left_menu":"0","ocean_custom_header_template":"0","ocean_custom_logo":0,"ocean_custom_retina_logo":0,"ocean_custom_logo_max_width":0,"ocean_custom_logo_tablet_max_width":0,"ocean_custom_logo_mobile_max_width":0,"ocean_custom_logo_max_height":0,"ocean_custom_logo_tablet_max_height":0,"ocean_custom_logo_mobile_max_height":0,"ocean_header_custom_menu":"0","ocean_menu_typo_font_family":"0","ocean_menu_typo_font_subset":"","ocean_menu_typo_font_size":0,"ocean_menu_typo_font_size_tablet":0,"ocean_menu_typo_font_size_mobile":0,"ocean_menu_typo_font_size_unit":"px","ocean_menu_typo_font_weight":"","ocean_menu_typo_font_weight_tablet":"","ocean_menu_typo_font_weight_mobile":"","ocean_menu_typo_transform":"","ocean_menu_typo_transform_tablet":"","ocean_menu_typo_transform_mobile":"","ocean_menu_typo_line_height":0,"ocean_menu_typo_line_height_tablet":0,"ocean_menu_typo_line_height_mobile":0,"ocean_menu_typo_line_height_unit":"","ocean_menu_typo_spacing":0,"ocean_menu_typo_spacing_tablet":0,"ocean_menu_typo_spacing_mobile":0,"ocean_menu_typo_spacing_unit":"","ocean_menu_link_color":"","ocean_menu_link_color_hover":"","ocean_menu_link_color_active":"","ocean_menu_link_background":"","ocean_menu_link_hover_background":"","ocean_menu_link_active_background":"","ocean_menu_social_links_bg":"","ocean_menu_social_hover_links_bg":"","ocean_menu_social_links_color":"","ocean_menu_social_hover_links_color":"","ocean_disable_title":"enable","ocean_disable_heading":"default","ocean_post_title":"","ocean_post_subheading":"","ocean_post_title_style":"background-image","ocean_post_title_background_color":"","ocean_post_title_background":4943,"ocean_post_title_bg_image_position":"","ocean_post_title_bg_image_attachment":"","ocean_post_title_bg_image_repeat":"","ocean_post_title_bg_image_size":"","ocean_post_title_height":0,"ocean_post_title_bg_overlay":0.5,"ocean_post_title_bg_overlay_color":"","ocean_disable_breadcrumbs":"default","ocean_breadcrumbs_color":"","ocean_breadcrumbs_separator_color":"","ocean_breadcrumbs_links_color":"","ocean_breadcrumbs_links_hover_color":"","ocean_display_footer_widgets":"default","ocean_display_footer_bottom":"default","ocean_custom_footer_template":"0","omw_enable_modal_window":"enable","footnotes":""},"yoast_head":"<!-- This site is optimized with the Yoast SEO plugin v24.5 - https:\/\/yoast.com\/wordpress\/plugins\/seo\/ -->\n<title>Devenir b\u00e9n\u00e9vole \u00e0 l&#039;ECREVIS - L&#039;ECREVIS<\/title>\n<meta name=\"robots\" content=\"index, follow, max-snippet:-1, max-image-preview:large, max-video-preview:-1\" \/>\n<link rel=\"canonical\" href=\"https:\/\/ecrevis.eco\/site\/devenir-benevole\/\" \/>\n<meta property=\"og:locale\" content=\"fr_FR\" \/>\n<meta property=\"og:type\" content=\"article\" \/>\n<meta property=\"og:title\" content=\"Devenir b\u00e9n\u00e9vole \u00e0 l&#039;ECREVIS - L&#039;ECREVIS\" \/>\n<meta property=\"og:description\" content=\"Vous cherchez un moyen de vous impliquer \u00e0 l\u2019ECREVIS ? Vous pouvez donner une heure de b\u00e9n\u00e9volat par ci, par l\u00e0, une journ\u00e9e ou bien vous engager \u00e0 l&rsquo;ann\u00e9e ! Nous fonctionnons en groupe de travail s&rsquo;occupant chacun d&rsquo;un besoin pr\u00e9cis. Vous pouvez venir le premier jeudi de chaque mois \u00e0 l&rsquo;ECREVIS, \u00e0 18h30 et [&hellip;]\" \/>\n<meta property=\"og:url\" content=\"https:\/\/ecrevis.eco\/site\/devenir-benevole\/\" \/>\n<meta property=\"og:site_name\" content=\"L&#039;ECREVIS\" \/>\n<meta property=\"article:publisher\" content=\"https:\/\/www.facebook.com\/ecrevis.annecy\" \/>\n<meta property=\"article:modified_time\" content=\"2026-03-06T09:44:17+00:00\" \/>\n<meta property=\"og:image\" content=\"https:\/\/ecrevis.eco\/site\/wp-content\/uploads\/2022\/10\/Baniere-Newsletter5.png\" \/>\n\t<meta property=\"og:image:width\" content=\"534\" \/>\n\t<meta property=\"og:image:height\" content=\"150\" \/>\n\t<meta property=\"og:image:type\" content=\"image\/png\" \/>\n<meta name=\"twitter:card\" content=\"summary_large_image\" \/>\n<meta name=\"twitter:label1\" content=\"Dur\u00e9e de lecture estim\u00e9e\" \/>\n\t<meta name=\"twitter:data1\" content=\"5 minutes\" \/>\n<script type=\"application\/ld+json\" class=\"yoast-schema-graph\">{\"@context\":\"https:\/\/schema.org\",\"@graph\":[{\"@type\":\"WebPage\",\"@id\":\"https:\/\/ecrevis.eco\/site\/devenir-benevole\/\",\"url\":\"https:\/\/ecrevis.eco\/site\/devenir-benevole\/\",\"name\":\"Devenir b\u00e9n\u00e9vole \u00e0 l'ECREVIS - L&#039;ECREVIS\",\"isPartOf\":{\"@id\":\"https:\/\/ecrevis.eco\/site\/#website\"},\"primaryImageOfPage\":{\"@id\":\"https:\/\/ecrevis.eco\/site\/devenir-benevole\/#primaryimage\"},\"image\":{\"@id\":\"https:\/\/ecrevis.eco\/site\/devenir-benevole\/#primaryimage\"},\"thumbnailUrl\":\"https:\/\/ecrevis.eco\/site\/wp-content\/uploads\/2022\/10\/Baniere-Newsletter5.png\",\"datePublished\":\"2022-10-28T17:16:12+00:00\",\"dateModified\":\"2026-03-06T09:44:17+00:00\",\"breadcrumb\":{\"@id\":\"https:\/\/ecrevis.eco\/site\/devenir-benevole\/#breadcrumb\"},\"inLanguage\":\"fr-FR\",\"potentialAction\":[{\"@type\":\"ReadAction\",\"target\":[\"https:\/\/ecrevis.eco\/site\/devenir-benevole\/\"]}]},{\"@type\":\"ImageObject\",\"inLanguage\":\"fr-FR\",\"@id\":\"https:\/\/ecrevis.eco\/site\/devenir-benevole\/#primaryimage\",\"url\":\"https:\/\/ecrevis.eco\/site\/wp-content\/uploads\/2022\/10\/Baniere-Newsletter5.png\",\"contentUrl\":\"https:\/\/ecrevis.eco\/site\/wp-content\/uploads\/2022\/10\/Baniere-Newsletter5.png\",\"width\":534,\"height\":150},{\"@type\":\"BreadcrumbList\",\"@id\":\"https:\/\/ecrevis.eco\/site\/devenir-benevole\/#breadcrumb\",\"itemListElement\":[{\"@type\":\"ListItem\",\"position\":1,\"name\":\"Accueil\",\"item\":\"https:\/\/ecrevis.eco\/site\/\"},{\"@type\":\"ListItem\",\"position\":2,\"name\":\"Devenir b\u00e9n\u00e9vole \u00e0 l&rsquo;ECREVIS\"}]},{\"@type\":\"WebSite\",\"@id\":\"https:\/\/ecrevis.eco\/site\/#website\",\"url\":\"https:\/\/ecrevis.eco\/site\/\",\"name\":\"L'ECREVIS\",\"description\":\"\",\"publisher\":{\"@id\":\"https:\/\/ecrevis.eco\/site\/#organization\"},\"potentialAction\":[{\"@type\":\"SearchAction\",\"target\":{\"@type\":\"EntryPoint\",\"urlTemplate\":\"https:\/\/ecrevis.eco\/site\/?s={search_term_string}\"},\"query-input\":{\"@type\":\"PropertyValueSpecification\",\"valueRequired\":true,\"valueName\":\"search_term_string\"}}],\"inLanguage\":\"fr-FR\"},{\"@type\":\"Organization\",\"@id\":\"https:\/\/ecrevis.eco\/site\/#organization\",\"name\":\"L'ECREVIS\",\"url\":\"https:\/\/ecrevis.eco\/site\/\",\"logo\":{\"@type\":\"ImageObject\",\"inLanguage\":\"fr-FR\",\"@id\":\"https:\/\/ecrevis.eco\/site\/#\/schema\/logo\/image\/\",\"url\":\"https:\/\/ecrevis.eco\/site\/wp-content\/uploads\/2019\/03\/cropped-LOGO-E-CRE-VIS-BLEU-1.jpg\",\"contentUrl\":\"https:\/\/ecrevis.eco\/site\/wp-content\/uploads\/2019\/03\/cropped-LOGO-E-CRE-VIS-BLEU-1.jpg\",\"width\":1529,\"height\":1174,\"caption\":\"L'ECREVIS\"},\"image\":{\"@id\":\"https:\/\/ecrevis.eco\/site\/#\/schema\/logo\/image\/\"},\"sameAs\":[\"https:\/\/www.facebook.com\/ecrevis.annecy\",\"https:\/\/www.instagram.com\/ecrevis.annecy\",\"https:\/\/www.linkedin.com\/company\/ecrevisannecy\/\"]}]}<\/script>\n<!-- \/ Yoast SEO plugin. -->","yoast_head_json":{"title":"Devenir b\u00e9n\u00e9vole \u00e0 l'ECREVIS - L&#039;ECREVIS","robots":{"index":"index","follow":"follow","max-snippet":"max-snippet:-1","max-image-preview":"max-image-preview:large","max-video-preview":"max-video-preview:-1"},"canonical":"https:\/\/ecrevis.eco\/site\/devenir-benevole\/","og_locale":"fr_FR","og_type":"article","og_title":"Devenir b\u00e9n\u00e9vole \u00e0 l'ECREVIS - L&#039;ECREVIS","og_description":"Vous cherchez un moyen de vous impliquer \u00e0 l\u2019ECREVIS ? Vous pouvez donner une heure de b\u00e9n\u00e9volat par ci, par l\u00e0, une journ\u00e9e ou bien vous engager \u00e0 l&rsquo;ann\u00e9e ! Nous fonctionnons en groupe de travail s&rsquo;occupant chacun d&rsquo;un besoin pr\u00e9cis. Vous pouvez venir le premier jeudi de chaque mois \u00e0 l&rsquo;ECREVIS, \u00e0 18h30 et [&hellip;]","og_url":"https:\/\/ecrevis.eco\/site\/devenir-benevole\/","og_site_name":"L&#039;ECREVIS","article_publisher":"https:\/\/www.facebook.com\/ecrevis.annecy","article_modified_time":"2026-03-06T09:44:17+00:00","og_image":[{"width":534,"height":150,"url":"https:\/\/ecrevis.eco\/site\/wp-content\/uploads\/2022\/10\/Baniere-Newsletter5.png","type":"image\/png"}],"twitter_card":"summary_large_image","twitter_misc":{"Dur\u00e9e de lecture estim\u00e9e":"5 minutes"},"schema":{"@context":"https:\/\/schema.org","@graph":[{"@type":"WebPage","@id":"https:\/\/ecrevis.eco\/site\/devenir-benevole\/","url":"https:\/\/ecrevis.eco\/site\/devenir-benevole\/","name":"Devenir b\u00e9n\u00e9vole \u00e0 l'ECREVIS - L&#039;ECREVIS","isPartOf":{"@id":"https:\/\/ecrevis.eco\/site\/#website"},"primaryImageOfPage":{"@id":"https:\/\/ecrevis.eco\/site\/devenir-benevole\/#primaryimage"},"image":{"@id":"https:\/\/ecrevis.eco\/site\/devenir-benevole\/#primaryimage"},"thumbnailUrl":"https:\/\/ecrevis.eco\/site\/wp-content\/uploads\/2022\/10\/Baniere-Newsletter5.png","datePublished":"2022-10-28T17:16:12+00:00","dateModified":"2026-03-06T09:44:17+00:00","breadcrumb":{"@id":"https:\/\/ecrevis.eco\/site\/devenir-benevole\/#breadcrumb"},"inLanguage":"fr-FR","potentialAction":[{"@type":"ReadAction","target":["https:\/\/ecrevis.eco\/site\/devenir-benevole\/"]}]},{"@type":"ImageObject","inLanguage":"fr-FR","@id":"https:\/\/ecrevis.eco\/site\/devenir-benevole\/#primaryimage","url":"https:\/\/ecrevis.eco\/site\/wp-content\/uploads\/2022\/10\/Baniere-Newsletter5.png","contentUrl":"https:\/\/ecrevis.eco\/site\/wp-content\/uploads\/2022\/10\/Baniere-Newsletter5.png","width":534,"height":150},{"@type":"BreadcrumbList","@id":"https:\/\/ecrevis.eco\/site\/devenir-benevole\/#breadcrumb","itemListElement":[{"@type":"ListItem","position":1,"name":"Accueil","item":"https:\/\/ecrevis.eco\/site\/"},{"@type":"ListItem","position":2,"name":"Devenir b\u00e9n\u00e9vole \u00e0 l&rsquo;ECREVIS"}]},{"@type":"WebSite","@id":"https:\/\/ecrevis.eco\/site\/#website","url":"https:\/\/ecrevis.eco\/site\/","name":"L'ECREVIS","description":"","publisher":{"@id":"https:\/\/ecrevis.eco\/site\/#organization"},"potentialAction":[{"@type":"SearchAction","target":{"@type":"EntryPoint","urlTemplate":"https:\/\/ecrevis.eco\/site\/?s={search_term_string}"},"query-input":{"@type":"PropertyValueSpecification","valueRequired":true,"valueName":"search_term_string"}}],"inLanguage":"fr-FR"},{"@type":"Organization","@id":"https:\/\/ecrevis.eco\/site\/#organization","name":"L'ECREVIS","url":"https:\/\/ecrevis.eco\/site\/","logo":{"@type":"ImageObject","inLanguage":"fr-FR","@id":"https:\/\/ecrevis.eco\/site\/#\/schema\/logo\/image\/","url":"https:\/\/ecrevis.eco\/site\/wp-content\/uploads\/2019\/03\/cropped-LOGO-E-CRE-VIS-BLEU-1.jpg","contentUrl":"https:\/\/ecrevis.eco\/site\/wp-content\/uploads\/2019\/03\/cropped-LOGO-E-CRE-VIS-BLEU-1.jpg","width":1529,"height":1174,"caption":"L'ECREVIS"},"image":{"@id":"https:\/\/ecrevis.eco\/site\/#\/schema\/logo\/image\/"},"sameAs":["https:\/\/www.facebook.com\/ecrevis.annecy","https:\/\/www.instagram.com\/ecrevis.annecy","https:\/\/www.linkedin.com\/company\/ecrevisannecy\/"]}]}},"_links":{"self":[{"href":"https:\/\/ecrevis.eco\/site\/wp-json\/wp\/v2\/pages\/4934"}],"collection":[{"href":"https:\/\/ecrevis.eco\/site\/wp-json\/wp\/v2\/pages"}],"about":[{"href":"https:\/\/ecrevis.eco\/site\/wp-json\/wp\/v2\/types\/page"}],"author":[{"embeddable":true,"href":"https:\/\/ecrevis.eco\/site\/wp-json\/wp\/v2\/users\/12"}],"replies":[{"embeddable":true,"href":"https:\/\/ecrevis.eco\/site\/wp-json\/wp\/v2\/comments?post=4934"}],"version-history":[{"count":30,"href":"https:\/\/ecrevis.eco\/site\/wp-json\/wp\/v2\/pages\/4934\/revisions"}],"predecessor-version":[{"id":7337,"href":"https:\/\/ecrevis.eco\/site\/wp-json\/wp\/v2\/pages\/4934\/revisions\/7337"}],"wp:featuredmedia":[{"embeddable":true,"href":"https:\/\/ecrevis.eco\/site\/wp-json\/wp\/v2\/media\/4936"}],"wp:attachment":[{"href":"https:\/\/ecrevis.eco\/site\/wp-json\/wp\/v2\/media?parent=4934"}],"curies":[{"name":"wp","href":"https:\/\/api.w.org\/{rel}","templated":true}]}}