{"id":4977,"date":"2022-11-08T12:19:33","date_gmt":"2022-11-08T11:19:33","guid":{"rendered":"https:\/\/ecrevis.eco\/site\/?page_id=4977"},"modified":"2026-01-05T15:16:02","modified_gmt":"2026-01-05T14:16:02","slug":"adhesion-a-lecrevis","status":"publish","type":"page","link":"https:\/\/ecrevis.eco\/site\/home\/adhesion-a-lecrevis\/","title":{"rendered":"Adh\u00e9rer \u00e0 l&rsquo;ECREVIS"},"content":{"rendered":"\n<figure class=\"wp-block-image size-large\"><img fetchpriority=\"high\" decoding=\"async\" width=\"1024\" height=\"133\" src=\"https:\/\/ecrevis.eco\/site\/wp-content\/uploads\/2026\/01\/Adhesion-2024-1024x133.png\" alt=\"\" class=\"wp-image-7290\" srcset=\"https:\/\/ecrevis.eco\/site\/wp-content\/uploads\/2026\/01\/Adhesion-2024-1024x133.png 1024w, https:\/\/ecrevis.eco\/site\/wp-content\/uploads\/2026\/01\/Adhesion-2024-300x39.png 300w, https:\/\/ecrevis.eco\/site\/wp-content\/uploads\/2026\/01\/Adhesion-2024-768x100.png 768w, https:\/\/ecrevis.eco\/site\/wp-content\/uploads\/2026\/01\/Adhesion-2024-1536x200.png 1536w, https:\/\/ecrevis.eco\/site\/wp-content\/uploads\/2026\/01\/Adhesion-2024.png 1920w\" sizes=\"(max-width: 1024px) 100vw, 1024px\" \/><\/figure>\n\n\n\n<h2 class=\"wp-block-heading\">Bonjour ! \ud83d\ude42 <\/h2>\n\n\n\n<p>L&rsquo;adh\u00e9sion \u00e0 l&rsquo;ECREVIS, g\u00e9r\u00e9e par l&rsquo;association Atelier 36, est \u00e0 prix libre et conscient ; elle est aussi indispensable pour pouvoir participer aux ateliers et \u00e9v\u00e9nements propos\u00e9s \u00e0 l&rsquo;ECREVIS. <br>Bienvenue \u00e0 vous et \u00e0 vos id\u00e9es !!<\/p>\n\n\n<p><iframe id=\"haWidget\" allowtransparency=\"true\" src=\"https:\/\/www.helloasso.com\/associations\/atelier-36\/adhesions\/adhesion-2026\/widget\" style=\"width: 100%; border: none;\" onload=\"window.addEventListener( 'message', function(e) { const dataHeight = e.data.height; const haWidgetElement = document.getElementById('haWidget'); haWidgetElement.height = dataHeight + 'px'; } )\" ><\/iframe><\/p>\n","protected":false},"excerpt":{"rendered":"<p>Bonjour ! \ud83d\ude42 L&rsquo;adh\u00e9sion \u00e0 l&rsquo;ECREVIS, g\u00e9r\u00e9e par l&rsquo;association Atelier 36, est \u00e0 prix libre et conscient ; elle est aussi indispensable pour pouvoir participer aux ateliers et \u00e9v\u00e9nements propos\u00e9s \u00e0 l&rsquo;ECREVIS. Bienvenue \u00e0 vous et \u00e0 vos id\u00e9es !!<\/p>\n","protected":false},"author":12,"featured_media":7299,"parent":22,"menu_order":0,"comment_status":"closed","ping_status":"closed","template":"","meta":{"ocean_post_layout":"","ocean_both_sidebars_style":"","ocean_both_sidebars_content_width":0,"ocean_both_sidebars_sidebars_width":0,"ocean_sidebar":"0","ocean_second_sidebar":"0","ocean_disable_margins":"enable","ocean_add_body_class":"","ocean_shortcode_before_top_bar":"","ocean_shortcode_after_top_bar":"","ocean_shortcode_before_header":"","ocean_shortcode_after_header":"","ocean_has_shortcode":"","ocean_shortcode_after_title":"","ocean_shortcode_before_footer_widgets":"","ocean_shortcode_after_footer_widgets":"","ocean_shortcode_before_footer_bottom":"","ocean_shortcode_after_footer_bottom":"","ocean_display_top_bar":"default","ocean_display_header":"default","ocean_header_style":"","ocean_center_header_left_menu":"0","ocean_custom_header_template":"0","ocean_custom_logo":0,"ocean_custom_retina_logo":0,"ocean_custom_logo_max_width":0,"ocean_custom_logo_tablet_max_width":0,"ocean_custom_logo_mobile_max_width":0,"ocean_custom_logo_max_height":0,"ocean_custom_logo_tablet_max_height":0,"ocean_custom_logo_mobile_max_height":0,"ocean_header_custom_menu":"0","ocean_menu_typo_font_family":"0","ocean_menu_typo_font_subset":"","ocean_menu_typo_font_size":0,"ocean_menu_typo_font_size_tablet":0,"ocean_menu_typo_font_size_mobile":0,"ocean_menu_typo_font_size_unit":"px","ocean_menu_typo_font_weight":"","ocean_menu_typo_font_weight_tablet":"","ocean_menu_typo_font_weight_mobile":"","ocean_menu_typo_transform":"","ocean_menu_typo_transform_tablet":"","ocean_menu_typo_transform_mobile":"","ocean_menu_typo_line_height":0,"ocean_menu_typo_line_height_tablet":0,"ocean_menu_typo_line_height_mobile":0,"ocean_menu_typo_line_height_unit":"","ocean_menu_typo_spacing":0,"ocean_menu_typo_spacing_tablet":0,"ocean_menu_typo_spacing_mobile":0,"ocean_menu_typo_spacing_unit":"","ocean_menu_link_color":"","ocean_menu_link_color_hover":"","ocean_menu_link_color_active":"","ocean_menu_link_background":"","ocean_menu_link_hover_background":"","ocean_menu_link_active_background":"","ocean_menu_social_links_bg":"","ocean_menu_social_hover_links_bg":"","ocean_menu_social_links_color":"","ocean_menu_social_hover_links_color":"","ocean_disable_title":"default","ocean_disable_heading":"default","ocean_post_title":"","ocean_post_subheading":"","ocean_post_title_style":"","ocean_post_title_background_color":"","ocean_post_title_background":0,"ocean_post_title_bg_image_position":"","ocean_post_title_bg_image_attachment":"","ocean_post_title_bg_image_repeat":"","ocean_post_title_bg_image_size":"","ocean_post_title_height":0,"ocean_post_title_bg_overlay":0.5,"ocean_post_title_bg_overlay_color":"","ocean_disable_breadcrumbs":"default","ocean_breadcrumbs_color":"","ocean_breadcrumbs_separator_color":"","ocean_breadcrumbs_links_color":"","ocean_breadcrumbs_links_hover_color":"","ocean_display_footer_widgets":"default","ocean_display_footer_bottom":"default","ocean_custom_footer_template":"0","omw_enable_modal_window":"enable","footnotes":""},"yoast_head":"<!-- This site is optimized with the Yoast SEO plugin v24.5 - https:\/\/yoast.com\/wordpress\/plugins\/seo\/ -->\n<title>Adh\u00e9rer \u00e0 l&#039;ECREVIS - L&#039;ECREVIS<\/title>\n<meta name=\"robots\" content=\"index, follow, max-snippet:-1, max-image-preview:large, max-video-preview:-1\" \/>\n<link rel=\"canonical\" href=\"https:\/\/ecrevis.eco\/site\/home\/adhesion-a-lecrevis\/\" \/>\n<meta property=\"og:locale\" content=\"fr_FR\" \/>\n<meta property=\"og:type\" content=\"article\" \/>\n<meta property=\"og:title\" content=\"Adh\u00e9rer \u00e0 l&#039;ECREVIS - L&#039;ECREVIS\" \/>\n<meta property=\"og:description\" content=\"Bonjour ! \ud83d\ude42 L&rsquo;adh\u00e9sion \u00e0 l&rsquo;ECREVIS, g\u00e9r\u00e9e par l&rsquo;association Atelier 36, est \u00e0 prix libre et conscient ; elle est aussi indispensable pour pouvoir participer aux ateliers et \u00e9v\u00e9nements propos\u00e9s \u00e0 l&rsquo;ECREVIS. Bienvenue \u00e0 vous et \u00e0 vos id\u00e9es !!\" \/>\n<meta property=\"og:url\" content=\"https:\/\/ecrevis.eco\/site\/home\/adhesion-a-lecrevis\/\" \/>\n<meta property=\"og:site_name\" content=\"L&#039;ECREVIS\" \/>\n<meta property=\"article:publisher\" content=\"https:\/\/www.facebook.com\/ecrevis.annecy\" \/>\n<meta property=\"article:modified_time\" content=\"2026-01-05T14:16:02+00:00\" \/>\n<meta property=\"og:image\" content=\"https:\/\/ecrevis.eco\/site\/wp-content\/uploads\/2026\/01\/adhesion-2026.jpg\" \/>\n\t<meta property=\"og:image:width\" content=\"1485\" \/>\n\t<meta property=\"og:image:height\" content=\"792\" \/>\n\t<meta property=\"og:image:type\" content=\"image\/jpeg\" \/>\n<meta name=\"twitter:card\" content=\"summary_large_image\" \/>\n<meta name=\"twitter:label1\" content=\"Dur\u00e9e de lecture estim\u00e9e\" \/>\n\t<meta name=\"twitter:data1\" content=\"1 minute\" \/>\n<script type=\"application\/ld+json\" class=\"yoast-schema-graph\">{\"@context\":\"https:\/\/schema.org\",\"@graph\":[{\"@type\":\"WebPage\",\"@id\":\"https:\/\/ecrevis.eco\/site\/home\/adhesion-a-lecrevis\/\",\"url\":\"https:\/\/ecrevis.eco\/site\/home\/adhesion-a-lecrevis\/\",\"name\":\"Adh\u00e9rer \u00e0 l'ECREVIS - L&#039;ECREVIS\",\"isPartOf\":{\"@id\":\"https:\/\/ecrevis.eco\/site\/#website\"},\"primaryImageOfPage\":{\"@id\":\"https:\/\/ecrevis.eco\/site\/home\/adhesion-a-lecrevis\/#primaryimage\"},\"image\":{\"@id\":\"https:\/\/ecrevis.eco\/site\/home\/adhesion-a-lecrevis\/#primaryimage\"},\"thumbnailUrl\":\"https:\/\/ecrevis.eco\/site\/wp-content\/uploads\/2026\/01\/adhesion-2026.jpg\",\"datePublished\":\"2022-11-08T11:19:33+00:00\",\"dateModified\":\"2026-01-05T14:16:02+00:00\",\"breadcrumb\":{\"@id\":\"https:\/\/ecrevis.eco\/site\/home\/adhesion-a-lecrevis\/#breadcrumb\"},\"inLanguage\":\"fr-FR\",\"potentialAction\":[{\"@type\":\"ReadAction\",\"target\":[\"https:\/\/ecrevis.eco\/site\/home\/adhesion-a-lecrevis\/\"]}]},{\"@type\":\"ImageObject\",\"inLanguage\":\"fr-FR\",\"@id\":\"https:\/\/ecrevis.eco\/site\/home\/adhesion-a-lecrevis\/#primaryimage\",\"url\":\"https:\/\/ecrevis.eco\/site\/wp-content\/uploads\/2026\/01\/adhesion-2026.jpg\",\"contentUrl\":\"https:\/\/ecrevis.eco\/site\/wp-content\/uploads\/2026\/01\/adhesion-2026.jpg\",\"width\":1485,\"height\":792},{\"@type\":\"BreadcrumbList\",\"@id\":\"https:\/\/ecrevis.eco\/site\/home\/adhesion-a-lecrevis\/#breadcrumb\",\"itemListElement\":[{\"@type\":\"ListItem\",\"position\":1,\"name\":\"Accueil\",\"item\":\"https:\/\/ecrevis.eco\/site\/\"},{\"@type\":\"ListItem\",\"position\":2,\"name\":\"Bienvenue \u00e0 l&rsquo;ECREVIS\",\"item\":\"https:\/\/ecrevis.eco\/site\/\"},{\"@type\":\"ListItem\",\"position\":3,\"name\":\"Adh\u00e9rer \u00e0 l&rsquo;ECREVIS\"}]},{\"@type\":\"WebSite\",\"@id\":\"https:\/\/ecrevis.eco\/site\/#website\",\"url\":\"https:\/\/ecrevis.eco\/site\/\",\"name\":\"L'ECREVIS\",\"description\":\"\",\"publisher\":{\"@id\":\"https:\/\/ecrevis.eco\/site\/#organization\"},\"potentialAction\":[{\"@type\":\"SearchAction\",\"target\":{\"@type\":\"EntryPoint\",\"urlTemplate\":\"https:\/\/ecrevis.eco\/site\/?s={search_term_string}\"},\"query-input\":{\"@type\":\"PropertyValueSpecification\",\"valueRequired\":true,\"valueName\":\"search_term_string\"}}],\"inLanguage\":\"fr-FR\"},{\"@type\":\"Organization\",\"@id\":\"https:\/\/ecrevis.eco\/site\/#organization\",\"name\":\"L'ECREVIS\",\"url\":\"https:\/\/ecrevis.eco\/site\/\",\"logo\":{\"@type\":\"ImageObject\",\"inLanguage\":\"fr-FR\",\"@id\":\"https:\/\/ecrevis.eco\/site\/#\/schema\/logo\/image\/\",\"url\":\"https:\/\/ecrevis.eco\/site\/wp-content\/uploads\/2019\/03\/cropped-LOGO-E-CRE-VIS-BLEU-1.jpg\",\"contentUrl\":\"https:\/\/ecrevis.eco\/site\/wp-content\/uploads\/2019\/03\/cropped-LOGO-E-CRE-VIS-BLEU-1.jpg\",\"width\":1529,\"height\":1174,\"caption\":\"L'ECREVIS\"},\"image\":{\"@id\":\"https:\/\/ecrevis.eco\/site\/#\/schema\/logo\/image\/\"},\"sameAs\":[\"https:\/\/www.facebook.com\/ecrevis.annecy\",\"https:\/\/www.instagram.com\/ecrevis.annecy\",\"https:\/\/www.linkedin.com\/company\/ecrevisannecy\/\"]}]}<\/script>\n<!-- \/ Yoast SEO plugin. -->","yoast_head_json":{"title":"Adh\u00e9rer \u00e0 l'ECREVIS - L&#039;ECREVIS","robots":{"index":"index","follow":"follow","max-snippet":"max-snippet:-1","max-image-preview":"max-image-preview:large","max-video-preview":"max-video-preview:-1"},"canonical":"https:\/\/ecrevis.eco\/site\/home\/adhesion-a-lecrevis\/","og_locale":"fr_FR","og_type":"article","og_title":"Adh\u00e9rer \u00e0 l'ECREVIS - L&#039;ECREVIS","og_description":"Bonjour ! \ud83d\ude42 L&rsquo;adh\u00e9sion \u00e0 l&rsquo;ECREVIS, g\u00e9r\u00e9e par l&rsquo;association Atelier 36, est \u00e0 prix libre et conscient ; elle est aussi indispensable pour pouvoir participer aux ateliers et \u00e9v\u00e9nements propos\u00e9s \u00e0 l&rsquo;ECREVIS. Bienvenue \u00e0 vous et \u00e0 vos id\u00e9es !!","og_url":"https:\/\/ecrevis.eco\/site\/home\/adhesion-a-lecrevis\/","og_site_name":"L&#039;ECREVIS","article_publisher":"https:\/\/www.facebook.com\/ecrevis.annecy","article_modified_time":"2026-01-05T14:16:02+00:00","og_image":[{"width":1485,"height":792,"url":"https:\/\/ecrevis.eco\/site\/wp-content\/uploads\/2026\/01\/adhesion-2026.jpg","type":"image\/jpeg"}],"twitter_card":"summary_large_image","twitter_misc":{"Dur\u00e9e de lecture estim\u00e9e":"1 minute"},"schema":{"@context":"https:\/\/schema.org","@graph":[{"@type":"WebPage","@id":"https:\/\/ecrevis.eco\/site\/home\/adhesion-a-lecrevis\/","url":"https:\/\/ecrevis.eco\/site\/home\/adhesion-a-lecrevis\/","name":"Adh\u00e9rer \u00e0 l'ECREVIS - L&#039;ECREVIS","isPartOf":{"@id":"https:\/\/ecrevis.eco\/site\/#website"},"primaryImageOfPage":{"@id":"https:\/\/ecrevis.eco\/site\/home\/adhesion-a-lecrevis\/#primaryimage"},"image":{"@id":"https:\/\/ecrevis.eco\/site\/home\/adhesion-a-lecrevis\/#primaryimage"},"thumbnailUrl":"https:\/\/ecrevis.eco\/site\/wp-content\/uploads\/2026\/01\/adhesion-2026.jpg","datePublished":"2022-11-08T11:19:33+00:00","dateModified":"2026-01-05T14:16:02+00:00","breadcrumb":{"@id":"https:\/\/ecrevis.eco\/site\/home\/adhesion-a-lecrevis\/#breadcrumb"},"inLanguage":"fr-FR","potentialAction":[{"@type":"ReadAction","target":["https:\/\/ecrevis.eco\/site\/home\/adhesion-a-lecrevis\/"]}]},{"@type":"ImageObject","inLanguage":"fr-FR","@id":"https:\/\/ecrevis.eco\/site\/home\/adhesion-a-lecrevis\/#primaryimage","url":"https:\/\/ecrevis.eco\/site\/wp-content\/uploads\/2026\/01\/adhesion-2026.jpg","contentUrl":"https:\/\/ecrevis.eco\/site\/wp-content\/uploads\/2026\/01\/adhesion-2026.jpg","width":1485,"height":792},{"@type":"BreadcrumbList","@id":"https:\/\/ecrevis.eco\/site\/home\/adhesion-a-lecrevis\/#breadcrumb","itemListElement":[{"@type":"ListItem","position":1,"name":"Accueil","item":"https:\/\/ecrevis.eco\/site\/"},{"@type":"ListItem","position":2,"name":"Bienvenue \u00e0 l&rsquo;ECREVIS","item":"https:\/\/ecrevis.eco\/site\/"},{"@type":"ListItem","position":3,"name":"Adh\u00e9rer \u00e0 l&rsquo;ECREVIS"}]},{"@type":"WebSite","@id":"https:\/\/ecrevis.eco\/site\/#website","url":"https:\/\/ecrevis.eco\/site\/","name":"L'ECREVIS","description":"","publisher":{"@id":"https:\/\/ecrevis.eco\/site\/#organization"},"potentialAction":[{"@type":"SearchAction","target":{"@type":"EntryPoint","urlTemplate":"https:\/\/ecrevis.eco\/site\/?s={search_term_string}"},"query-input":{"@type":"PropertyValueSpecification","valueRequired":true,"valueName":"search_term_string"}}],"inLanguage":"fr-FR"},{"@type":"Organization","@id":"https:\/\/ecrevis.eco\/site\/#organization","name":"L'ECREVIS","url":"https:\/\/ecrevis.eco\/site\/","logo":{"@type":"ImageObject","inLanguage":"fr-FR","@id":"https:\/\/ecrevis.eco\/site\/#\/schema\/logo\/image\/","url":"https:\/\/ecrevis.eco\/site\/wp-content\/uploads\/2019\/03\/cropped-LOGO-E-CRE-VIS-BLEU-1.jpg","contentUrl":"https:\/\/ecrevis.eco\/site\/wp-content\/uploads\/2019\/03\/cropped-LOGO-E-CRE-VIS-BLEU-1.jpg","width":1529,"height":1174,"caption":"L'ECREVIS"},"image":{"@id":"https:\/\/ecrevis.eco\/site\/#\/schema\/logo\/image\/"},"sameAs":["https:\/\/www.facebook.com\/ecrevis.annecy","https:\/\/www.instagram.com\/ecrevis.annecy","https:\/\/www.linkedin.com\/company\/ecrevisannecy\/"]}]}},"_links":{"self":[{"href":"https:\/\/ecrevis.eco\/site\/wp-json\/wp\/v2\/pages\/4977"}],"collection":[{"href":"https:\/\/ecrevis.eco\/site\/wp-json\/wp\/v2\/pages"}],"about":[{"href":"https:\/\/ecrevis.eco\/site\/wp-json\/wp\/v2\/types\/page"}],"author":[{"embeddable":true,"href":"https:\/\/ecrevis.eco\/site\/wp-json\/wp\/v2\/users\/12"}],"replies":[{"embeddable":true,"href":"https:\/\/ecrevis.eco\/site\/wp-json\/wp\/v2\/comments?post=4977"}],"version-history":[{"count":16,"href":"https:\/\/ecrevis.eco\/site\/wp-json\/wp\/v2\/pages\/4977\/revisions"}],"predecessor-version":[{"id":7307,"href":"https:\/\/ecrevis.eco\/site\/wp-json\/wp\/v2\/pages\/4977\/revisions\/7307"}],"up":[{"embeddable":true,"href":"https:\/\/ecrevis.eco\/site\/wp-json\/wp\/v2\/pages\/22"}],"wp:featuredmedia":[{"embeddable":true,"href":"https:\/\/ecrevis.eco\/site\/wp-json\/wp\/v2\/media\/7299"}],"wp:attachment":[{"href":"https:\/\/ecrevis.eco\/site\/wp-json\/wp\/v2\/media?parent=4977"}],"curies":[{"name":"wp","href":"https:\/\/api.w.org\/{rel}","templated":true}]}}