{"id":5424,"date":"2023-03-17T16:08:35","date_gmt":"2023-03-17T15:08:35","guid":{"rendered":"https:\/\/ecrevis.eco\/site\/?page_id=5424"},"modified":"2026-03-27T16:00:21","modified_gmt":"2026-03-27T15:00:21","slug":"proposer-projet-ecrevis","status":"publish","type":"page","link":"https:\/\/ecrevis.eco\/site\/proposer-projet-ecrevis\/","title":{"rendered":"R\u00e9aliser un projet \u00e0 l&rsquo;ECREVIS"},"content":{"rendered":"\t\t<div data-elementor-type=\"wp-page\" data-elementor-id=\"5424\" class=\"elementor elementor-5424\">\n\t\t\t\t\t\t<section class=\"elementor-section elementor-top-section elementor-element elementor-element-73a8364f elementor-section-boxed elementor-section-height-default elementor-section-height-default\" data-id=\"73a8364f\" data-element_type=\"section\">\n\t\t\t\t\t\t<div class=\"elementor-container elementor-column-gap-default\">\n\t\t\t\t\t<div class=\"elementor-column elementor-col-100 elementor-top-column elementor-element elementor-element-2c51408e\" data-id=\"2c51408e\" data-element_type=\"column\">\n\t\t\t<div class=\"elementor-widget-wrap elementor-element-populated\">\n\t\t\t\t\t\t<div class=\"elementor-element elementor-element-7e7f5594 elementor-widget elementor-widget-text-editor\" data-id=\"7e7f5594\" data-element_type=\"widget\" data-widget_type=\"text-editor.default\">\n\t\t\t\t<div class=\"elementor-widget-container\">\n\t\t\t\t\t\t\t\t\t<p><\/p>\n<figure><img decoding=\"async\" style=\"width: 708px; height: 388px;\" src=\"https:\/\/ecrevis.eco\/site\/wp-content\/uploads\/2023\/03\/Jeudi-projet-1024x563.jpg\" alt=\"\"><\/figure>\n<p><\/p>\n<div style=\"height: 50px;\" aria-hidden=\"true\">&nbsp;<\/div>\n<p><\/p>\n<div class=\"is-layout-flex wp-container-core-columns-is-layout-2 wp-block-columns-is-layout-flex\">\n<p><\/p>\n<div class=\"is-layout-flow wp-block-column-is-layout-flow\" style=\"flex-basis: 15%;\">&nbsp;<\/div>\n<p><\/p>\n<div class=\"is-layout-flow wp-block-column-is-layout-flow\" style=\"flex-basis: 60%;\">\n<p><\/p>\n<p style=\"font-size: 18px;\">Vous voulez proposer un atelier, un concert, une conf\u00e9rence, un spectacle ou un autre type d&rsquo;activit\u00e9 \u00e0 l&rsquo;ECREVIS ?<\/p>\n<p>Pour les propositions de <b>Concerts<\/b> ou <b>DJ Set<\/b>, l<span style=\"font-size: 14px;\">&lsquo;int\u00e9gralit\u00e9 de nos cr\u00e9neaux jusqu&rsquo;\u00e0 juin sont d\u00e9j\u00e0 remplis et nous ne comptons pas faire de concerts durant l&rsquo;\u00e9t\u00e9.<\/span><span style=\"font-size: 14px;\">&nbsp;<\/span><\/p><p><span style=\"font-size: 14px;\">Le nouveau formulaire pour<b> les Concerts&nbsp;<\/b><\/span><span style=\"font-family: Roboto, sans-serif; font-size: 14px; font-style: normal; font-variant-ligatures: normal; font-variant-caps: normal; font-weight: 400;\">ou<\/span><span style=\"font-size: 14px;\"><b>&nbsp;DJ Set <\/b>qui d\u00e9butera \u00e0 partir de <b>septembre 2026 jusqu&rsquo;\u00e0 janvier 2027 <\/b>est<b> ouvert ! <\/b>Pour ces propositions,<b>&nbsp;<\/b><\/span><span style=\"font-family: Roboto, sans-serif; font-size: 14px; font-style: normal; font-variant-ligatures: normal; font-variant-caps: normal; font-weight: 400;\">remplissez&nbsp;<\/span><span style=\"font-family: Roboto, sans-serif; font-size: 14px; font-style: normal; font-variant-ligatures: normal; font-variant-caps: normal; font-weight: 600;\"><font color=\"#13aff0\"><a href=\"https:\/\/framaforms.org\/appel-a-candidatures-concert-ou-dj-set-de-septembre-2026-a-janvier-2027-a-repondre-avant-le-4-mai\">ce formulaire<\/a><\/font>.<\/span><\/p>\n<div style=\"color: #2c363a; font-family: Verdana, Geneva, sans-serif; font-size: 13.3333px; font-style: normal; font-variant-ligatures: normal; font-variant-caps: normal; font-weight: 400;\">&nbsp;<\/div>\n<p>Pour les propositions d&rsquo;ateliers, conf\u00e9rences gesticul\u00e9es, spectacles, une r\u00e9union ou autre, remplissez <strong><a href=\"https:\/\/framaforms.org\/organiser-un-atelier-une-activite-une-reunion-a-lecrevis-1746805404\">ce formulaire.<\/a><\/strong><\/p>\n<p><\/p>\n<p style=\"font-size: 18px;\">Un.e membre de l&rsquo;\u00e9quipe b\u00e9n\u00e9vole ne manquera pas de revenir vers vous !<\/p>\n<p>Les<strong> jeudis projets<\/strong> sont en pause. <br>Si vous voulez nous rejoindre, <strong><a href=\"https:\/\/ecrevis.eco\/site\/devenir-benevole\/\">c&rsquo;est par ici<\/a> <\/strong>que \u00e7a se passe !<\/p>\n<p><\/p>\n<\/div>\n<p><\/p>\n<div class=\"is-layout-flow wp-block-column-is-layout-flow\" style=\"flex-basis: 15%;\">&nbsp;<\/div>\n<p><\/p>\n<\/div>\n<p><\/p>\t\t\t\t\t\t\t\t<\/div>\n\t\t\t\t<\/div>\n\t\t\t\t\t<\/div>\n\t\t<\/div>\n\t\t\t\t\t<\/div>\n\t\t<\/section>\n\t\t\t\t<\/div>\n\t\t","protected":false},"excerpt":{"rendered":"<p>&nbsp; Vous voulez proposer un atelier, un concert, une conf\u00e9rence, un spectacle ou un autre type d&rsquo;activit\u00e9 \u00e0 l&rsquo;ECREVIS ? Pour les propositions de Concerts ou DJ Set, l&rsquo;int\u00e9gralit\u00e9 de nos cr\u00e9neaux jusqu&rsquo;\u00e0 juin sont d\u00e9j\u00e0 remplis et nous ne comptons pas faire de concerts durant l&rsquo;\u00e9t\u00e9.&nbsp; Le nouveau formulaire pour les Concerts&nbsp;ou&nbsp;DJ Set qui [&hellip;]<\/p>\n","protected":false},"author":12,"featured_media":5425,"parent":0,"menu_order":0,"comment_status":"closed","ping_status":"closed","template":"","meta":{"ocean_post_layout":"","ocean_both_sidebars_style":"","ocean_both_sidebars_content_width":0,"ocean_both_sidebars_sidebars_width":0,"ocean_sidebar":"sidebar","ocean_second_sidebar":"0","ocean_disable_margins":"enable","ocean_add_body_class":"","ocean_shortcode_before_top_bar":"","ocean_shortcode_after_top_bar":"","ocean_shortcode_before_header":"","ocean_shortcode_after_header":"","ocean_has_shortcode":"","ocean_shortcode_after_title":"","ocean_shortcode_before_footer_widgets":"","ocean_shortcode_after_footer_widgets":"","ocean_shortcode_before_footer_bottom":"","ocean_shortcode_after_footer_bottom":"","ocean_display_top_bar":"default","ocean_display_header":"default","ocean_header_style":"","ocean_center_header_left_menu":"0","ocean_custom_header_template":"0","ocean_custom_logo":0,"ocean_custom_retina_logo":0,"ocean_custom_logo_max_width":0,"ocean_custom_logo_tablet_max_width":0,"ocean_custom_logo_mobile_max_width":0,"ocean_custom_logo_max_height":0,"ocean_custom_logo_tablet_max_height":0,"ocean_custom_logo_mobile_max_height":0,"ocean_header_custom_menu":"0","ocean_menu_typo_font_family":"0","ocean_menu_typo_font_subset":"","ocean_menu_typo_font_size":0,"ocean_menu_typo_font_size_tablet":0,"ocean_menu_typo_font_size_mobile":0,"ocean_menu_typo_font_size_unit":"px","ocean_menu_typo_font_weight":"","ocean_menu_typo_font_weight_tablet":"","ocean_menu_typo_font_weight_mobile":"","ocean_menu_typo_transform":"","ocean_menu_typo_transform_tablet":"","ocean_menu_typo_transform_mobile":"","ocean_menu_typo_line_height":0,"ocean_menu_typo_line_height_tablet":0,"ocean_menu_typo_line_height_mobile":0,"ocean_menu_typo_line_height_unit":"","ocean_menu_typo_spacing":0,"ocean_menu_typo_spacing_tablet":0,"ocean_menu_typo_spacing_mobile":0,"ocean_menu_typo_spacing_unit":"","ocean_menu_link_color":"","ocean_menu_link_color_hover":"","ocean_menu_link_color_active":"","ocean_menu_link_background":"","ocean_menu_link_hover_background":"","ocean_menu_link_active_background":"","ocean_menu_social_links_bg":"","ocean_menu_social_hover_links_bg":"","ocean_menu_social_links_color":"","ocean_menu_social_hover_links_color":"","ocean_disable_title":"default","ocean_disable_heading":"default","ocean_post_title":"","ocean_post_subheading":"","ocean_post_title_style":"","ocean_post_title_background_color":"","ocean_post_title_background":0,"ocean_post_title_bg_image_position":"","ocean_post_title_bg_image_attachment":"","ocean_post_title_bg_image_repeat":"","ocean_post_title_bg_image_size":"","ocean_post_title_height":0,"ocean_post_title_bg_overlay":0.5,"ocean_post_title_bg_overlay_color":"","ocean_disable_breadcrumbs":"default","ocean_breadcrumbs_color":"","ocean_breadcrumbs_separator_color":"","ocean_breadcrumbs_links_color":"","ocean_breadcrumbs_links_hover_color":"","ocean_display_footer_widgets":"default","ocean_display_footer_bottom":"default","ocean_custom_footer_template":"0","omw_enable_modal_window":"enable","footnotes":""},"yoast_head":"<!-- This site is optimized with the Yoast SEO plugin v24.5 - https:\/\/yoast.com\/wordpress\/plugins\/seo\/ -->\n<title>R\u00e9aliser un projet \u00e0 l&#039;ECREVIS - L&#039;ECREVIS<\/title>\n<meta name=\"robots\" content=\"index, follow, max-snippet:-1, max-image-preview:large, max-video-preview:-1\" \/>\n<link rel=\"canonical\" href=\"https:\/\/ecrevis.eco\/site\/proposer-projet-ecrevis\/\" \/>\n<meta property=\"og:locale\" content=\"fr_FR\" \/>\n<meta property=\"og:type\" content=\"article\" \/>\n<meta property=\"og:title\" content=\"R\u00e9aliser un projet \u00e0 l&#039;ECREVIS - L&#039;ECREVIS\" \/>\n<meta property=\"og:description\" content=\"&nbsp; Vous voulez proposer un atelier, un concert, une conf\u00e9rence, un spectacle ou un autre type d&rsquo;activit\u00e9 \u00e0 l&rsquo;ECREVIS ? Pour les propositions de Concerts ou DJ Set, l&rsquo;int\u00e9gralit\u00e9 de nos cr\u00e9neaux jusqu&rsquo;\u00e0 juin sont d\u00e9j\u00e0 remplis et nous ne comptons pas faire de concerts durant l&rsquo;\u00e9t\u00e9.&nbsp; Le nouveau formulaire pour les Concerts&nbsp;ou&nbsp;DJ Set qui [&hellip;]\" \/>\n<meta property=\"og:url\" content=\"https:\/\/ecrevis.eco\/site\/proposer-projet-ecrevis\/\" \/>\n<meta property=\"og:site_name\" content=\"L&#039;ECREVIS\" \/>\n<meta property=\"article:publisher\" content=\"https:\/\/www.facebook.com\/ecrevis.annecy\" \/>\n<meta property=\"article:modified_time\" content=\"2026-03-27T15:00:21+00:00\" \/>\n<meta property=\"og:image\" content=\"https:\/\/ecrevis.eco\/site\/wp-content\/uploads\/2023\/03\/Jeudi-projet.jpg\" \/>\n\t<meta property=\"og:image:width\" content=\"2032\" \/>\n\t<meta property=\"og:image:height\" content=\"1118\" \/>\n\t<meta property=\"og:image:type\" content=\"image\/jpeg\" \/>\n<meta name=\"twitter:card\" content=\"summary_large_image\" \/>\n<meta name=\"twitter:label1\" content=\"Dur\u00e9e de lecture estim\u00e9e\" \/>\n\t<meta name=\"twitter:data1\" content=\"1 minute\" \/>\n<script type=\"application\/ld+json\" class=\"yoast-schema-graph\">{\"@context\":\"https:\/\/schema.org\",\"@graph\":[{\"@type\":\"WebPage\",\"@id\":\"https:\/\/ecrevis.eco\/site\/proposer-projet-ecrevis\/\",\"url\":\"https:\/\/ecrevis.eco\/site\/proposer-projet-ecrevis\/\",\"name\":\"R\u00e9aliser un projet \u00e0 l'ECREVIS - L&#039;ECREVIS\",\"isPartOf\":{\"@id\":\"https:\/\/ecrevis.eco\/site\/#website\"},\"primaryImageOfPage\":{\"@id\":\"https:\/\/ecrevis.eco\/site\/proposer-projet-ecrevis\/#primaryimage\"},\"image\":{\"@id\":\"https:\/\/ecrevis.eco\/site\/proposer-projet-ecrevis\/#primaryimage\"},\"thumbnailUrl\":\"https:\/\/ecrevis.eco\/site\/wp-content\/uploads\/2023\/03\/Jeudi-projet.jpg\",\"datePublished\":\"2023-03-17T15:08:35+00:00\",\"dateModified\":\"2026-03-27T15:00:21+00:00\",\"breadcrumb\":{\"@id\":\"https:\/\/ecrevis.eco\/site\/proposer-projet-ecrevis\/#breadcrumb\"},\"inLanguage\":\"fr-FR\",\"potentialAction\":[{\"@type\":\"ReadAction\",\"target\":[\"https:\/\/ecrevis.eco\/site\/proposer-projet-ecrevis\/\"]}]},{\"@type\":\"ImageObject\",\"inLanguage\":\"fr-FR\",\"@id\":\"https:\/\/ecrevis.eco\/site\/proposer-projet-ecrevis\/#primaryimage\",\"url\":\"https:\/\/ecrevis.eco\/site\/wp-content\/uploads\/2023\/03\/Jeudi-projet.jpg\",\"contentUrl\":\"https:\/\/ecrevis.eco\/site\/wp-content\/uploads\/2023\/03\/Jeudi-projet.jpg\",\"width\":2032,\"height\":1118},{\"@type\":\"BreadcrumbList\",\"@id\":\"https:\/\/ecrevis.eco\/site\/proposer-projet-ecrevis\/#breadcrumb\",\"itemListElement\":[{\"@type\":\"ListItem\",\"position\":1,\"name\":\"Accueil\",\"item\":\"https:\/\/ecrevis.eco\/site\/\"},{\"@type\":\"ListItem\",\"position\":2,\"name\":\"R\u00e9aliser un projet \u00e0 l&rsquo;ECREVIS\"}]},{\"@type\":\"WebSite\",\"@id\":\"https:\/\/ecrevis.eco\/site\/#website\",\"url\":\"https:\/\/ecrevis.eco\/site\/\",\"name\":\"L'ECREVIS\",\"description\":\"\",\"publisher\":{\"@id\":\"https:\/\/ecrevis.eco\/site\/#organization\"},\"potentialAction\":[{\"@type\":\"SearchAction\",\"target\":{\"@type\":\"EntryPoint\",\"urlTemplate\":\"https:\/\/ecrevis.eco\/site\/?s={search_term_string}\"},\"query-input\":{\"@type\":\"PropertyValueSpecification\",\"valueRequired\":true,\"valueName\":\"search_term_string\"}}],\"inLanguage\":\"fr-FR\"},{\"@type\":\"Organization\",\"@id\":\"https:\/\/ecrevis.eco\/site\/#organization\",\"name\":\"L'ECREVIS\",\"url\":\"https:\/\/ecrevis.eco\/site\/\",\"logo\":{\"@type\":\"ImageObject\",\"inLanguage\":\"fr-FR\",\"@id\":\"https:\/\/ecrevis.eco\/site\/#\/schema\/logo\/image\/\",\"url\":\"https:\/\/ecrevis.eco\/site\/wp-content\/uploads\/2019\/03\/cropped-LOGO-E-CRE-VIS-BLEU-1.jpg\",\"contentUrl\":\"https:\/\/ecrevis.eco\/site\/wp-content\/uploads\/2019\/03\/cropped-LOGO-E-CRE-VIS-BLEU-1.jpg\",\"width\":1529,\"height\":1174,\"caption\":\"L'ECREVIS\"},\"image\":{\"@id\":\"https:\/\/ecrevis.eco\/site\/#\/schema\/logo\/image\/\"},\"sameAs\":[\"https:\/\/www.facebook.com\/ecrevis.annecy\",\"https:\/\/www.instagram.com\/ecrevis.annecy\",\"https:\/\/www.linkedin.com\/company\/ecrevisannecy\/\"]}]}<\/script>\n<!-- \/ Yoast SEO plugin. -->","yoast_head_json":{"title":"R\u00e9aliser un projet \u00e0 l'ECREVIS - L&#039;ECREVIS","robots":{"index":"index","follow":"follow","max-snippet":"max-snippet:-1","max-image-preview":"max-image-preview:large","max-video-preview":"max-video-preview:-1"},"canonical":"https:\/\/ecrevis.eco\/site\/proposer-projet-ecrevis\/","og_locale":"fr_FR","og_type":"article","og_title":"R\u00e9aliser un projet \u00e0 l'ECREVIS - L&#039;ECREVIS","og_description":"&nbsp; Vous voulez proposer un atelier, un concert, une conf\u00e9rence, un spectacle ou un autre type d&rsquo;activit\u00e9 \u00e0 l&rsquo;ECREVIS ? Pour les propositions de Concerts ou DJ Set, l&rsquo;int\u00e9gralit\u00e9 de nos cr\u00e9neaux jusqu&rsquo;\u00e0 juin sont d\u00e9j\u00e0 remplis et nous ne comptons pas faire de concerts durant l&rsquo;\u00e9t\u00e9.&nbsp; Le nouveau formulaire pour les Concerts&nbsp;ou&nbsp;DJ Set qui [&hellip;]","og_url":"https:\/\/ecrevis.eco\/site\/proposer-projet-ecrevis\/","og_site_name":"L&#039;ECREVIS","article_publisher":"https:\/\/www.facebook.com\/ecrevis.annecy","article_modified_time":"2026-03-27T15:00:21+00:00","og_image":[{"width":2032,"height":1118,"url":"https:\/\/ecrevis.eco\/site\/wp-content\/uploads\/2023\/03\/Jeudi-projet.jpg","type":"image\/jpeg"}],"twitter_card":"summary_large_image","twitter_misc":{"Dur\u00e9e de lecture estim\u00e9e":"1 minute"},"schema":{"@context":"https:\/\/schema.org","@graph":[{"@type":"WebPage","@id":"https:\/\/ecrevis.eco\/site\/proposer-projet-ecrevis\/","url":"https:\/\/ecrevis.eco\/site\/proposer-projet-ecrevis\/","name":"R\u00e9aliser un projet \u00e0 l'ECREVIS - L&#039;ECREVIS","isPartOf":{"@id":"https:\/\/ecrevis.eco\/site\/#website"},"primaryImageOfPage":{"@id":"https:\/\/ecrevis.eco\/site\/proposer-projet-ecrevis\/#primaryimage"},"image":{"@id":"https:\/\/ecrevis.eco\/site\/proposer-projet-ecrevis\/#primaryimage"},"thumbnailUrl":"https:\/\/ecrevis.eco\/site\/wp-content\/uploads\/2023\/03\/Jeudi-projet.jpg","datePublished":"2023-03-17T15:08:35+00:00","dateModified":"2026-03-27T15:00:21+00:00","breadcrumb":{"@id":"https:\/\/ecrevis.eco\/site\/proposer-projet-ecrevis\/#breadcrumb"},"inLanguage":"fr-FR","potentialAction":[{"@type":"ReadAction","target":["https:\/\/ecrevis.eco\/site\/proposer-projet-ecrevis\/"]}]},{"@type":"ImageObject","inLanguage":"fr-FR","@id":"https:\/\/ecrevis.eco\/site\/proposer-projet-ecrevis\/#primaryimage","url":"https:\/\/ecrevis.eco\/site\/wp-content\/uploads\/2023\/03\/Jeudi-projet.jpg","contentUrl":"https:\/\/ecrevis.eco\/site\/wp-content\/uploads\/2023\/03\/Jeudi-projet.jpg","width":2032,"height":1118},{"@type":"BreadcrumbList","@id":"https:\/\/ecrevis.eco\/site\/proposer-projet-ecrevis\/#breadcrumb","itemListElement":[{"@type":"ListItem","position":1,"name":"Accueil","item":"https:\/\/ecrevis.eco\/site\/"},{"@type":"ListItem","position":2,"name":"R\u00e9aliser un projet \u00e0 l&rsquo;ECREVIS"}]},{"@type":"WebSite","@id":"https:\/\/ecrevis.eco\/site\/#website","url":"https:\/\/ecrevis.eco\/site\/","name":"L'ECREVIS","description":"","publisher":{"@id":"https:\/\/ecrevis.eco\/site\/#organization"},"potentialAction":[{"@type":"SearchAction","target":{"@type":"EntryPoint","urlTemplate":"https:\/\/ecrevis.eco\/site\/?s={search_term_string}"},"query-input":{"@type":"PropertyValueSpecification","valueRequired":true,"valueName":"search_term_string"}}],"inLanguage":"fr-FR"},{"@type":"Organization","@id":"https:\/\/ecrevis.eco\/site\/#organization","name":"L'ECREVIS","url":"https:\/\/ecrevis.eco\/site\/","logo":{"@type":"ImageObject","inLanguage":"fr-FR","@id":"https:\/\/ecrevis.eco\/site\/#\/schema\/logo\/image\/","url":"https:\/\/ecrevis.eco\/site\/wp-content\/uploads\/2019\/03\/cropped-LOGO-E-CRE-VIS-BLEU-1.jpg","contentUrl":"https:\/\/ecrevis.eco\/site\/wp-content\/uploads\/2019\/03\/cropped-LOGO-E-CRE-VIS-BLEU-1.jpg","width":1529,"height":1174,"caption":"L'ECREVIS"},"image":{"@id":"https:\/\/ecrevis.eco\/site\/#\/schema\/logo\/image\/"},"sameAs":["https:\/\/www.facebook.com\/ecrevis.annecy","https:\/\/www.instagram.com\/ecrevis.annecy","https:\/\/www.linkedin.com\/company\/ecrevisannecy\/"]}]}},"_links":{"self":[{"href":"https:\/\/ecrevis.eco\/site\/wp-json\/wp\/v2\/pages\/5424"}],"collection":[{"href":"https:\/\/ecrevis.eco\/site\/wp-json\/wp\/v2\/pages"}],"about":[{"href":"https:\/\/ecrevis.eco\/site\/wp-json\/wp\/v2\/types\/page"}],"author":[{"embeddable":true,"href":"https:\/\/ecrevis.eco\/site\/wp-json\/wp\/v2\/users\/12"}],"replies":[{"embeddable":true,"href":"https:\/\/ecrevis.eco\/site\/wp-json\/wp\/v2\/comments?post=5424"}],"version-history":[{"count":29,"href":"https:\/\/ecrevis.eco\/site\/wp-json\/wp\/v2\/pages\/5424\/revisions"}],"predecessor-version":[{"id":7345,"href":"https:\/\/ecrevis.eco\/site\/wp-json\/wp\/v2\/pages\/5424\/revisions\/7345"}],"wp:featuredmedia":[{"embeddable":true,"href":"https:\/\/ecrevis.eco\/site\/wp-json\/wp\/v2\/media\/5425"}],"wp:attachment":[{"href":"https:\/\/ecrevis.eco\/site\/wp-json\/wp\/v2\/media?parent=5424"}],"curies":[{"name":"wp","href":"https:\/\/api.w.org\/{rel}","templated":true}]}}