{"id":5705,"date":"2023-05-10T18:24:43","date_gmt":"2023-05-10T16:24:43","guid":{"rendered":"https:\/\/ecrevis.eco\/site\/?page_id=5705"},"modified":"2023-06-01T19:02:16","modified_gmt":"2023-06-01T17:02:16","slug":"les-activites-de-lecrevis","status":"publish","type":"page","link":"https:\/\/ecrevis.eco\/site\/les-activites-de-lecrevis\/","title":{"rendered":"Les activit\u00e9s de l&rsquo;ECREVIS"},"content":{"rendered":"\n<h1 class=\"has-text-align-center wp-block-heading\">LES ACTIVITES DE L&rsquo;ECREVIS<\/h1>\n\n\n\n<div style=\"height:101px\" aria-hidden=\"true\" class=\"wp-block-spacer\"><\/div>\n\n\n\n<div class=\"wp-block-media-text is-stacked-on-mobile is-vertically-aligned-center\" style=\"grid-template-columns:56% auto\"><figure class=\"wp-block-media-text__media\"><img fetchpriority=\"high\" decoding=\"async\" width=\"1024\" height=\"621\" src=\"https:\/\/ecrevis.eco\/site\/wp-content\/uploads\/2023\/04\/futur-ecre-1024x621.png\" alt=\"\" class=\"wp-image-5627 size-full\" srcset=\"https:\/\/ecrevis.eco\/site\/wp-content\/uploads\/2023\/04\/futur-ecre-1024x621.png 1024w, https:\/\/ecrevis.eco\/site\/wp-content\/uploads\/2023\/04\/futur-ecre-300x182.png 300w, https:\/\/ecrevis.eco\/site\/wp-content\/uploads\/2023\/04\/futur-ecre-768x465.png 768w, https:\/\/ecrevis.eco\/site\/wp-content\/uploads\/2023\/04\/futur-ecre-1536x931.png 1536w, https:\/\/ecrevis.eco\/site\/wp-content\/uploads\/2023\/04\/futur-ecre.png 1650w\" sizes=\"(max-width: 1024px) 100vw, 1024px\" \/><\/figure><div class=\"wp-block-media-text__content\">\n<p class=\"has-medium-font-size\"><a href=\"https:\/\/ecrevis.eco\/site\/hebergement-social-et-solidaire\/\">2e Etage : H\u00e9bergement Social et Solidaire<\/a><\/p>\n\n\n\n<p class=\"has-text-align-left has-medium-font-size\"><a href=\"https:\/\/ecrevis.eco\/site\/bureaux-partages-formation\/\">1er Etage : Bureaux partag\u00e9s et formation<\/a><\/p>\n\n\n\n<p class=\"has-text-align-left has-medium-font-size\"><a href=\"https:\/\/ecrevis.eco\/site\/espace-de-vie-espace-evenementiel\/\">RDC : Espace de vie \/ espace \u00e9v\u00e8nementiel<\/a><\/p>\n\n\n\n<p class=\"has-text-align-left has-medium-font-size\"><a href=\"https:\/\/ecrevis.eco\/site\/ateliers-partages\/\">RDJ : Les ateliers partag\u00e9s<\/a><\/p>\n<\/div><\/div>\n\n\n\n<div style=\"height:100px\" aria-hidden=\"true\" class=\"wp-block-spacer\"><\/div>\n","protected":false},"excerpt":{"rendered":"<p>LES ACTIVITES DE L&rsquo;ECREVIS 2e Etage : H\u00e9bergement Social et Solidaire 1er Etage : Bureaux partag\u00e9s et formation RDC : Espace de vie \/ espace \u00e9v\u00e8nementiel RDJ : Les ateliers partag\u00e9s<\/p>\n","protected":false},"author":4,"featured_media":0,"parent":0,"menu_order":0,"comment_status":"closed","ping_status":"closed","template":"","meta":{"ocean_post_layout":"","ocean_both_sidebars_style":"","ocean_both_sidebars_content_width":0,"ocean_both_sidebars_sidebars_width":0,"ocean_sidebar":"0","ocean_second_sidebar":"0","ocean_disable_margins":"enable","ocean_add_body_class":"","ocean_shortcode_before_top_bar":"","ocean_shortcode_after_top_bar":"","ocean_shortcode_before_header":"","ocean_shortcode_after_header":"","ocean_has_shortcode":"","ocean_shortcode_after_title":"","ocean_shortcode_before_footer_widgets":"","ocean_shortcode_after_footer_widgets":"","ocean_shortcode_before_footer_bottom":"","ocean_shortcode_after_footer_bottom":"","ocean_display_top_bar":"default","ocean_display_header":"default","ocean_header_style":"","ocean_center_header_left_menu":"0","ocean_custom_header_template":"0","ocean_custom_logo":0,"ocean_custom_retina_logo":0,"ocean_custom_logo_max_width":0,"ocean_custom_logo_tablet_max_width":0,"ocean_custom_logo_mobile_max_width":0,"ocean_custom_logo_max_height":0,"ocean_custom_logo_tablet_max_height":0,"ocean_custom_logo_mobile_max_height":0,"ocean_header_custom_menu":"0","ocean_menu_typo_font_family":"0","ocean_menu_typo_font_subset":"","ocean_menu_typo_font_size":0,"ocean_menu_typo_font_size_tablet":0,"ocean_menu_typo_font_size_mobile":0,"ocean_menu_typo_font_size_unit":"px","ocean_menu_typo_font_weight":"","ocean_menu_typo_font_weight_tablet":"","ocean_menu_typo_font_weight_mobile":"","ocean_menu_typo_transform":"","ocean_menu_typo_transform_tablet":"","ocean_menu_typo_transform_mobile":"","ocean_menu_typo_line_height":0,"ocean_menu_typo_line_height_tablet":0,"ocean_menu_typo_line_height_mobile":0,"ocean_menu_typo_line_height_unit":"","ocean_menu_typo_spacing":0,"ocean_menu_typo_spacing_tablet":0,"ocean_menu_typo_spacing_mobile":0,"ocean_menu_typo_spacing_unit":"","ocean_menu_link_color":"","ocean_menu_link_color_hover":"","ocean_menu_link_color_active":"","ocean_menu_link_background":"","ocean_menu_link_hover_background":"","ocean_menu_link_active_background":"","ocean_menu_social_links_bg":"","ocean_menu_social_hover_links_bg":"","ocean_menu_social_links_color":"","ocean_menu_social_hover_links_color":"","ocean_disable_title":"default","ocean_disable_heading":"default","ocean_post_title":"","ocean_post_subheading":"","ocean_post_title_style":"","ocean_post_title_background_color":"","ocean_post_title_background":0,"ocean_post_title_bg_image_position":"","ocean_post_title_bg_image_attachment":"","ocean_post_title_bg_image_repeat":"","ocean_post_title_bg_image_size":"","ocean_post_title_height":0,"ocean_post_title_bg_overlay":0.5,"ocean_post_title_bg_overlay_color":"","ocean_disable_breadcrumbs":"default","ocean_breadcrumbs_color":"","ocean_breadcrumbs_separator_color":"","ocean_breadcrumbs_links_color":"","ocean_breadcrumbs_links_hover_color":"","ocean_display_footer_widgets":"default","ocean_display_footer_bottom":"default","ocean_custom_footer_template":"0","omw_enable_modal_window":"enable","footnotes":""},"yoast_head":"<!-- This site is optimized with the Yoast SEO plugin v24.5 - https:\/\/yoast.com\/wordpress\/plugins\/seo\/ -->\n<title>Les activit\u00e9s de l&#039;ECREVIS - L&#039;ECREVIS<\/title>\n<meta name=\"robots\" content=\"index, follow, max-snippet:-1, max-image-preview:large, max-video-preview:-1\" \/>\n<link rel=\"canonical\" href=\"https:\/\/ecrevis.eco\/site\/les-activites-de-lecrevis\/\" \/>\n<meta property=\"og:locale\" content=\"fr_FR\" \/>\n<meta property=\"og:type\" content=\"article\" \/>\n<meta property=\"og:title\" content=\"Les activit\u00e9s de l&#039;ECREVIS - L&#039;ECREVIS\" \/>\n<meta property=\"og:description\" content=\"LES ACTIVITES DE L&rsquo;ECREVIS 2e Etage : H\u00e9bergement Social et Solidaire 1er Etage : Bureaux partag\u00e9s et formation RDC : Espace de vie \/ espace \u00e9v\u00e8nementiel RDJ : Les ateliers partag\u00e9s\" \/>\n<meta property=\"og:url\" content=\"https:\/\/ecrevis.eco\/site\/les-activites-de-lecrevis\/\" \/>\n<meta property=\"og:site_name\" content=\"L&#039;ECREVIS\" \/>\n<meta property=\"article:publisher\" content=\"https:\/\/www.facebook.com\/ecrevis.annecy\" \/>\n<meta property=\"article:modified_time\" content=\"2023-06-01T17:02:16+00:00\" \/>\n<meta property=\"og:image\" content=\"https:\/\/ecrevis.eco\/site\/wp-content\/uploads\/2023\/04\/futur-ecre-1024x621.png\" \/>\n<meta name=\"twitter:card\" content=\"summary_large_image\" \/>\n<script type=\"application\/ld+json\" class=\"yoast-schema-graph\">{\"@context\":\"https:\/\/schema.org\",\"@graph\":[{\"@type\":\"WebPage\",\"@id\":\"https:\/\/ecrevis.eco\/site\/les-activites-de-lecrevis\/\",\"url\":\"https:\/\/ecrevis.eco\/site\/les-activites-de-lecrevis\/\",\"name\":\"Les activit\u00e9s de l'ECREVIS - L&#039;ECREVIS\",\"isPartOf\":{\"@id\":\"https:\/\/ecrevis.eco\/site\/#website\"},\"primaryImageOfPage\":{\"@id\":\"https:\/\/ecrevis.eco\/site\/les-activites-de-lecrevis\/#primaryimage\"},\"image\":{\"@id\":\"https:\/\/ecrevis.eco\/site\/les-activites-de-lecrevis\/#primaryimage\"},\"thumbnailUrl\":\"https:\/\/ecrevis.eco\/site\/wp-content\/uploads\/2023\/04\/futur-ecre-1024x621.png\",\"datePublished\":\"2023-05-10T16:24:43+00:00\",\"dateModified\":\"2023-06-01T17:02:16+00:00\",\"breadcrumb\":{\"@id\":\"https:\/\/ecrevis.eco\/site\/les-activites-de-lecrevis\/#breadcrumb\"},\"inLanguage\":\"fr-FR\",\"potentialAction\":[{\"@type\":\"ReadAction\",\"target\":[\"https:\/\/ecrevis.eco\/site\/les-activites-de-lecrevis\/\"]}]},{\"@type\":\"ImageObject\",\"inLanguage\":\"fr-FR\",\"@id\":\"https:\/\/ecrevis.eco\/site\/les-activites-de-lecrevis\/#primaryimage\",\"url\":\"https:\/\/ecrevis.eco\/site\/wp-content\/uploads\/2023\/04\/futur-ecre.png\",\"contentUrl\":\"https:\/\/ecrevis.eco\/site\/wp-content\/uploads\/2023\/04\/futur-ecre.png\",\"width\":1650,\"height\":1000},{\"@type\":\"BreadcrumbList\",\"@id\":\"https:\/\/ecrevis.eco\/site\/les-activites-de-lecrevis\/#breadcrumb\",\"itemListElement\":[{\"@type\":\"ListItem\",\"position\":1,\"name\":\"Accueil\",\"item\":\"https:\/\/ecrevis.eco\/site\/\"},{\"@type\":\"ListItem\",\"position\":2,\"name\":\"Les activit\u00e9s de l&#8217;ECREVIS\"}]},{\"@type\":\"WebSite\",\"@id\":\"https:\/\/ecrevis.eco\/site\/#website\",\"url\":\"https:\/\/ecrevis.eco\/site\/\",\"name\":\"L'ECREVIS\",\"description\":\"\",\"publisher\":{\"@id\":\"https:\/\/ecrevis.eco\/site\/#organization\"},\"potentialAction\":[{\"@type\":\"SearchAction\",\"target\":{\"@type\":\"EntryPoint\",\"urlTemplate\":\"https:\/\/ecrevis.eco\/site\/?s={search_term_string}\"},\"query-input\":{\"@type\":\"PropertyValueSpecification\",\"valueRequired\":true,\"valueName\":\"search_term_string\"}}],\"inLanguage\":\"fr-FR\"},{\"@type\":\"Organization\",\"@id\":\"https:\/\/ecrevis.eco\/site\/#organization\",\"name\":\"L'ECREVIS\",\"url\":\"https:\/\/ecrevis.eco\/site\/\",\"logo\":{\"@type\":\"ImageObject\",\"inLanguage\":\"fr-FR\",\"@id\":\"https:\/\/ecrevis.eco\/site\/#\/schema\/logo\/image\/\",\"url\":\"https:\/\/ecrevis.eco\/site\/wp-content\/uploads\/2019\/03\/cropped-LOGO-E-CRE-VIS-BLEU-1.jpg\",\"contentUrl\":\"https:\/\/ecrevis.eco\/site\/wp-content\/uploads\/2019\/03\/cropped-LOGO-E-CRE-VIS-BLEU-1.jpg\",\"width\":1529,\"height\":1174,\"caption\":\"L'ECREVIS\"},\"image\":{\"@id\":\"https:\/\/ecrevis.eco\/site\/#\/schema\/logo\/image\/\"},\"sameAs\":[\"https:\/\/www.facebook.com\/ecrevis.annecy\",\"https:\/\/www.instagram.com\/ecrevis.annecy\",\"https:\/\/www.linkedin.com\/company\/ecrevisannecy\/\"]}]}<\/script>\n<!-- \/ Yoast SEO plugin. -->","yoast_head_json":{"title":"Les activit\u00e9s de l'ECREVIS - L&#039;ECREVIS","robots":{"index":"index","follow":"follow","max-snippet":"max-snippet:-1","max-image-preview":"max-image-preview:large","max-video-preview":"max-video-preview:-1"},"canonical":"https:\/\/ecrevis.eco\/site\/les-activites-de-lecrevis\/","og_locale":"fr_FR","og_type":"article","og_title":"Les activit\u00e9s de l'ECREVIS - L&#039;ECREVIS","og_description":"LES ACTIVITES DE L&rsquo;ECREVIS 2e Etage : H\u00e9bergement Social et Solidaire 1er Etage : Bureaux partag\u00e9s et formation RDC : Espace de vie \/ espace \u00e9v\u00e8nementiel RDJ : Les ateliers partag\u00e9s","og_url":"https:\/\/ecrevis.eco\/site\/les-activites-de-lecrevis\/","og_site_name":"L&#039;ECREVIS","article_publisher":"https:\/\/www.facebook.com\/ecrevis.annecy","article_modified_time":"2023-06-01T17:02:16+00:00","og_image":[{"url":"https:\/\/ecrevis.eco\/site\/wp-content\/uploads\/2023\/04\/futur-ecre-1024x621.png","type":"","width":"","height":""}],"twitter_card":"summary_large_image","schema":{"@context":"https:\/\/schema.org","@graph":[{"@type":"WebPage","@id":"https:\/\/ecrevis.eco\/site\/les-activites-de-lecrevis\/","url":"https:\/\/ecrevis.eco\/site\/les-activites-de-lecrevis\/","name":"Les activit\u00e9s de l'ECREVIS - L&#039;ECREVIS","isPartOf":{"@id":"https:\/\/ecrevis.eco\/site\/#website"},"primaryImageOfPage":{"@id":"https:\/\/ecrevis.eco\/site\/les-activites-de-lecrevis\/#primaryimage"},"image":{"@id":"https:\/\/ecrevis.eco\/site\/les-activites-de-lecrevis\/#primaryimage"},"thumbnailUrl":"https:\/\/ecrevis.eco\/site\/wp-content\/uploads\/2023\/04\/futur-ecre-1024x621.png","datePublished":"2023-05-10T16:24:43+00:00","dateModified":"2023-06-01T17:02:16+00:00","breadcrumb":{"@id":"https:\/\/ecrevis.eco\/site\/les-activites-de-lecrevis\/#breadcrumb"},"inLanguage":"fr-FR","potentialAction":[{"@type":"ReadAction","target":["https:\/\/ecrevis.eco\/site\/les-activites-de-lecrevis\/"]}]},{"@type":"ImageObject","inLanguage":"fr-FR","@id":"https:\/\/ecrevis.eco\/site\/les-activites-de-lecrevis\/#primaryimage","url":"https:\/\/ecrevis.eco\/site\/wp-content\/uploads\/2023\/04\/futur-ecre.png","contentUrl":"https:\/\/ecrevis.eco\/site\/wp-content\/uploads\/2023\/04\/futur-ecre.png","width":1650,"height":1000},{"@type":"BreadcrumbList","@id":"https:\/\/ecrevis.eco\/site\/les-activites-de-lecrevis\/#breadcrumb","itemListElement":[{"@type":"ListItem","position":1,"name":"Accueil","item":"https:\/\/ecrevis.eco\/site\/"},{"@type":"ListItem","position":2,"name":"Les activit\u00e9s de l&#8217;ECREVIS"}]},{"@type":"WebSite","@id":"https:\/\/ecrevis.eco\/site\/#website","url":"https:\/\/ecrevis.eco\/site\/","name":"L'ECREVIS","description":"","publisher":{"@id":"https:\/\/ecrevis.eco\/site\/#organization"},"potentialAction":[{"@type":"SearchAction","target":{"@type":"EntryPoint","urlTemplate":"https:\/\/ecrevis.eco\/site\/?s={search_term_string}"},"query-input":{"@type":"PropertyValueSpecification","valueRequired":true,"valueName":"search_term_string"}}],"inLanguage":"fr-FR"},{"@type":"Organization","@id":"https:\/\/ecrevis.eco\/site\/#organization","name":"L'ECREVIS","url":"https:\/\/ecrevis.eco\/site\/","logo":{"@type":"ImageObject","inLanguage":"fr-FR","@id":"https:\/\/ecrevis.eco\/site\/#\/schema\/logo\/image\/","url":"https:\/\/ecrevis.eco\/site\/wp-content\/uploads\/2019\/03\/cropped-LOGO-E-CRE-VIS-BLEU-1.jpg","contentUrl":"https:\/\/ecrevis.eco\/site\/wp-content\/uploads\/2019\/03\/cropped-LOGO-E-CRE-VIS-BLEU-1.jpg","width":1529,"height":1174,"caption":"L'ECREVIS"},"image":{"@id":"https:\/\/ecrevis.eco\/site\/#\/schema\/logo\/image\/"},"sameAs":["https:\/\/www.facebook.com\/ecrevis.annecy","https:\/\/www.instagram.com\/ecrevis.annecy","https:\/\/www.linkedin.com\/company\/ecrevisannecy\/"]}]}},"_links":{"self":[{"href":"https:\/\/ecrevis.eco\/site\/wp-json\/wp\/v2\/pages\/5705"}],"collection":[{"href":"https:\/\/ecrevis.eco\/site\/wp-json\/wp\/v2\/pages"}],"about":[{"href":"https:\/\/ecrevis.eco\/site\/wp-json\/wp\/v2\/types\/page"}],"author":[{"embeddable":true,"href":"https:\/\/ecrevis.eco\/site\/wp-json\/wp\/v2\/users\/4"}],"replies":[{"embeddable":true,"href":"https:\/\/ecrevis.eco\/site\/wp-json\/wp\/v2\/comments?post=5705"}],"version-history":[{"count":10,"href":"https:\/\/ecrevis.eco\/site\/wp-json\/wp\/v2\/pages\/5705\/revisions"}],"predecessor-version":[{"id":5886,"href":"https:\/\/ecrevis.eco\/site\/wp-json\/wp\/v2\/pages\/5705\/revisions\/5886"}],"wp:attachment":[{"href":"https:\/\/ecrevis.eco\/site\/wp-json\/wp\/v2\/media?parent=5705"}],"curies":[{"name":"wp","href":"https:\/\/api.w.org\/{rel}","templated":true}]}}