{"id":5970,"date":"2023-10-31T11:38:03","date_gmt":"2023-10-31T10:38:03","guid":{"rendered":"https:\/\/ecrevis.eco\/site\/?page_id=5970"},"modified":"2023-11-27T22:21:23","modified_gmt":"2023-11-27T21:21:23","slug":"formations-accompagnement","status":"publish","type":"page","link":"https:\/\/ecrevis.eco\/site\/formations-accompagnement\/","title":{"rendered":"Formations \/ Accompagnement"},"content":{"rendered":"\n<h1 class=\"has-text-align-center has-large-font-size wp-block-heading\">LES FORMATIONS ET L&rsquo;ACCOMPAGNEMENT<br>propos\u00e9s par l&rsquo;ECREVIS<\/h1>\n\n\n\n<div style=\"height:43px\" aria-hidden=\"true\" class=\"wp-block-spacer\"><\/div>\n\n\n\n<figure class=\"wp-block-image size-large\"><img fetchpriority=\"high\" decoding=\"async\" width=\"1024\" height=\"348\" src=\"https:\/\/ecrevis.eco\/site\/wp-content\/uploads\/2023\/10\/f41ee65eba280721cf2f0a21e9238a35da5dbaae69cecb44e67951982c6a2fc8-1024x348.png\" alt=\"\" class=\"wp-image-5971\" srcset=\"https:\/\/ecrevis.eco\/site\/wp-content\/uploads\/2023\/10\/f41ee65eba280721cf2f0a21e9238a35da5dbaae69cecb44e67951982c6a2fc8-1024x348.png 1024w, https:\/\/ecrevis.eco\/site\/wp-content\/uploads\/2023\/10\/f41ee65eba280721cf2f0a21e9238a35da5dbaae69cecb44e67951982c6a2fc8-300x102.png 300w, https:\/\/ecrevis.eco\/site\/wp-content\/uploads\/2023\/10\/f41ee65eba280721cf2f0a21e9238a35da5dbaae69cecb44e67951982c6a2fc8-768x261.png 768w, https:\/\/ecrevis.eco\/site\/wp-content\/uploads\/2023\/10\/f41ee65eba280721cf2f0a21e9238a35da5dbaae69cecb44e67951982c6a2fc8.png 1413w\" sizes=\"(max-width: 1024px) 100vw, 1024px\" \/><\/figure>\n\n\n\n<div style=\"height:40px\" aria-hidden=\"true\" class=\"wp-block-spacer\"><\/div>\n\n\n\n<h2 class=\"has-text-align-center wp-block-heading\" style=\"font-size:24px\"><mark style=\"background-color:rgba(0, 0, 0, 0);color:#004fa4\" class=\"has-inline-color\">Donnez de l\u2019\u00e9lan \u00e0 vos projets collectifs<\/mark><\/h2>\n\n\n\n<div style=\"height:42px\" aria-hidden=\"true\" class=\"wp-block-spacer\"><\/div>\n\n\n\n<p style=\"font-size:16px\">5 ans apr\u00e8s l\u2019ouverture de ses portes, l\u2019ECREVIS est maintenant propri\u00e9taire de ses murs&nbsp;! Une exp\u00e9rience enti\u00e8rement autofinanc\u00e9e et autog\u00e9r\u00e9e que les accompagnateur\u00b7ices et formateur\u00b7ices proposent de vous partager.<\/p>\n\n\n\n<p style=\"font-size:16px\">Comme pour toute aventure humaine, des personnes ont d\u00e9cid\u00e9 de se rassembler pour faire un vivre ce lieu. Ce sont ces m\u00eames personnes qui proposent aujourd\u2019hui de vous guider dans la structuration de vos projets.<\/p>\n\n\n\n<p style=\"font-size:16px\">Le temps d\u2019une formation d\u2019un week-end ou sur un suivi plus long de votre projet ou de votre collectif, ielles vous proposent de vous guider et de vous outiller pour&nbsp;:<\/p>\n\n\n\n<ul style=\"font-size:16px\"><li><strong>l\u2019\u00e9mergence&nbsp;<\/strong>: commencer par r\u00eaver puis questionner et structurer vos id\u00e9es pour vous lancer vers la construction de VOTRE projet<\/li><li><strong>la gouvernance<\/strong>&nbsp;: trouver une organisation au plus pr\u00e8s des besoins de chacun et du projet par des outils d\u2019intelligence collective<\/li><li><strong>le mod\u00e8le \u00e9conomique<\/strong>&nbsp;: penser votre mod\u00e8le \u00e9conomique, construire un plan de financement et un pr\u00e9visionnel et \u00e9tudier les diff\u00e9rents mod\u00e8les juridiques<\/li><li><strong>la cr\u00e9ativit\u00e9<\/strong>&nbsp;: d\u00e9couvrir et d\u00e9bloquer la cr\u00e9ativit\u00e9 comme outils du collectif pour donner envie, permettre l\u2019inclusivit\u00e9 et connecter les intelligences<\/li><li><strong>la communication&nbsp;<\/strong>: explorer les outils essentiels puis plonger dans la construction de votre propre strat\u00e9gie de communication<\/li><\/ul>\n\n\n\n<p style=\"font-size:16px\">Nous sommes convaincus que le collectif est une solution d\u2019avenir. Il est donc vital que chaque collectif qui a besoin de connaissances et\/ou d\u2019accompagnement puisse trouver des r\u00e9ponses pour donner de l\u2019\u00e9lan \u00e0 son projet. C&rsquo;est pourquoi nous souhaitons que les formations soient accessibles \u00e0 tous et proposons le principe du prix libre et conscient.<\/p>\n\n\n\n<div style=\"height:61px\" aria-hidden=\"true\" class=\"wp-block-spacer\"><\/div>\n\n\n\n<h3 class=\"wp-block-heading\" style=\"font-size:22px\"><mark style=\"background-color:rgba(0, 0, 0, 0);color:#f17420\" class=\"has-inline-color\">LES PROCHAINES FORMATIONS DE L&rsquo;ECREVIS<\/mark><\/h3>\n\n\n\n<div style=\"height:21px\" aria-hidden=\"true\" class=\"wp-block-spacer\"><\/div>\n\n\n\n<figure class=\"wp-block-image size-large\"><img decoding=\"async\" width=\"1024\" height=\"133\" src=\"https:\/\/ecrevis.eco\/site\/wp-content\/uploads\/2023\/11\/DONNEZ-DE-LELAN-A-VOS-PROJETS-COLLECTIFS1-1024x133.jpg\" alt=\"\" class=\"wp-image-6016\" srcset=\"https:\/\/ecrevis.eco\/site\/wp-content\/uploads\/2023\/11\/DONNEZ-DE-LELAN-A-VOS-PROJETS-COLLECTIFS1-1024x133.jpg 1024w, https:\/\/ecrevis.eco\/site\/wp-content\/uploads\/2023\/11\/DONNEZ-DE-LELAN-A-VOS-PROJETS-COLLECTIFS1-300x39.jpg 300w, https:\/\/ecrevis.eco\/site\/wp-content\/uploads\/2023\/11\/DONNEZ-DE-LELAN-A-VOS-PROJETS-COLLECTIFS1-768x100.jpg 768w, https:\/\/ecrevis.eco\/site\/wp-content\/uploads\/2023\/11\/DONNEZ-DE-LELAN-A-VOS-PROJETS-COLLECTIFS1-1536x200.jpg 1536w, https:\/\/ecrevis.eco\/site\/wp-content\/uploads\/2023\/11\/DONNEZ-DE-LELAN-A-VOS-PROJETS-COLLECTIFS1.jpg 1920w\" sizes=\"(max-width: 1024px) 100vw, 1024px\" \/><\/figure>\n\n\n\n<p class=\"has-text-align-center\" style=\"font-size:18px\"><strong><mark style=\"background-color:rgba(0, 0, 0, 0)\" class=\"has-inline-color has-vivid-green-cyan-color\">Samedi 17 et dimanche 18 FEVRIER<\/mark><\/strong><\/p>\n\n\n\n<p class=\"has-text-align-center\" style=\"font-size:18px\"><strong><mark style=\"background-color:rgba(0, 0, 0, 0)\" class=\"has-inline-color has-vivid-green-cyan-color\">2 jours pour faire avancer votre projet et s&rsquo;enrichir d&rsquo;autres exp\u00e9riences : inscrivez-vous vite !!<\/mark><\/strong><\/p>\n\n\n\n<p><\/p>\n\n\n\n<p style=\"font-size:18px\"><mark style=\"background-color:rgba(0, 0, 0, 0)\" class=\"has-inline-color has-vivid-cyan-blue-color\">Pour plus d&rsquo;informations, merci de nous contacter via <\/mark><a href=\"mailto:formation@ecrevis.eco\">formation@ecrevis.eco<\/a><\/p>\n\n\n\n<div style=\"height:61px\" aria-hidden=\"true\" class=\"wp-block-spacer\"><\/div>\n\n\n\n<h3 class=\"wp-block-heading\" style=\"font-size:22px\"><mark style=\"background-color:rgba(0, 0, 0, 0);color:#f17420\" class=\"has-inline-color\">SE FAIRE ACCOMPAGNER PAR LES MEMBRES DE L&rsquo;ECREVIS<\/mark><\/h3>\n\n\n\n<div style=\"height:38px\" aria-hidden=\"true\" class=\"wp-block-spacer\"><\/div>\n\n\n\n<p style=\"font-size:18px\"><mark style=\"background-color:rgba(0, 0, 0, 0)\" class=\"has-inline-color has-vivid-cyan-blue-color\">Plus d&rsquo;infos sur l&rsquo;accompagnement, merci d&rsquo;envoyer un email \u00e0 <a href=\"mailto:accompagnement@ecrevis.eco\">accompagnement@ecrevis.eco<\/a> <\/mark><\/p>\n\n\n\n<div style=\"height:100px\" aria-hidden=\"true\" class=\"wp-block-spacer\"><\/div>\n","protected":false},"excerpt":{"rendered":"<p>LES FORMATIONS ET L&rsquo;ACCOMPAGNEMENTpropos\u00e9s par l&rsquo;ECREVIS Donnez de l\u2019\u00e9lan \u00e0 vos projets collectifs 5 ans apr\u00e8s l\u2019ouverture de ses portes, l\u2019ECREVIS est maintenant propri\u00e9taire de ses murs&nbsp;! Une exp\u00e9rience enti\u00e8rement autofinanc\u00e9e et autog\u00e9r\u00e9e que les accompagnateur\u00b7ices et formateur\u00b7ices proposent de vous partager. Comme pour toute aventure humaine, des personnes ont d\u00e9cid\u00e9 de se rassembler pour [&hellip;]<\/p>\n","protected":false},"author":4,"featured_media":0,"parent":0,"menu_order":0,"comment_status":"closed","ping_status":"closed","template":"","meta":{"ocean_post_layout":"","ocean_both_sidebars_style":"","ocean_both_sidebars_content_width":0,"ocean_both_sidebars_sidebars_width":0,"ocean_sidebar":"","ocean_second_sidebar":"","ocean_disable_margins":"enable","ocean_add_body_class":"width800","ocean_shortcode_before_top_bar":"","ocean_shortcode_after_top_bar":"","ocean_shortcode_before_header":"","ocean_shortcode_after_header":"","ocean_has_shortcode":"","ocean_shortcode_after_title":"","ocean_shortcode_before_footer_widgets":"","ocean_shortcode_after_footer_widgets":"","ocean_shortcode_before_footer_bottom":"","ocean_shortcode_after_footer_bottom":"","ocean_display_top_bar":"default","ocean_display_header":"default","ocean_header_style":"","ocean_center_header_left_menu":"","ocean_custom_header_template":"","ocean_custom_logo":0,"ocean_custom_retina_logo":0,"ocean_custom_logo_max_width":0,"ocean_custom_logo_tablet_max_width":0,"ocean_custom_logo_mobile_max_width":0,"ocean_custom_logo_max_height":0,"ocean_custom_logo_tablet_max_height":0,"ocean_custom_logo_mobile_max_height":0,"ocean_header_custom_menu":"","ocean_menu_typo_font_family":"","ocean_menu_typo_font_subset":"","ocean_menu_typo_font_size":0,"ocean_menu_typo_font_size_tablet":0,"ocean_menu_typo_font_size_mobile":0,"ocean_menu_typo_font_size_unit":"px","ocean_menu_typo_font_weight":"","ocean_menu_typo_font_weight_tablet":"","ocean_menu_typo_font_weight_mobile":"","ocean_menu_typo_transform":"","ocean_menu_typo_transform_tablet":"","ocean_menu_typo_transform_mobile":"","ocean_menu_typo_line_height":0,"ocean_menu_typo_line_height_tablet":0,"ocean_menu_typo_line_height_mobile":0,"ocean_menu_typo_line_height_unit":"","ocean_menu_typo_spacing":0,"ocean_menu_typo_spacing_tablet":0,"ocean_menu_typo_spacing_mobile":0,"ocean_menu_typo_spacing_unit":"","ocean_menu_link_color":"","ocean_menu_link_color_hover":"","ocean_menu_link_color_active":"","ocean_menu_link_background":"","ocean_menu_link_hover_background":"","ocean_menu_link_active_background":"","ocean_menu_social_links_bg":"","ocean_menu_social_hover_links_bg":"","ocean_menu_social_links_color":"","ocean_menu_social_hover_links_color":"","ocean_disable_title":"default","ocean_disable_heading":"default","ocean_post_title":"","ocean_post_subheading":"","ocean_post_title_style":"","ocean_post_title_background_color":"","ocean_post_title_background":0,"ocean_post_title_bg_image_position":"","ocean_post_title_bg_image_attachment":"","ocean_post_title_bg_image_repeat":"","ocean_post_title_bg_image_size":"","ocean_post_title_height":0,"ocean_post_title_bg_overlay":0.5,"ocean_post_title_bg_overlay_color":"","ocean_disable_breadcrumbs":"default","ocean_breadcrumbs_color":"","ocean_breadcrumbs_separator_color":"","ocean_breadcrumbs_links_color":"","ocean_breadcrumbs_links_hover_color":"","ocean_display_footer_widgets":"default","ocean_display_footer_bottom":"default","ocean_custom_footer_template":"","omw_enable_modal_window":"enable","footnotes":""},"yoast_head":"<!-- This site is optimized with the Yoast SEO plugin v24.5 - https:\/\/yoast.com\/wordpress\/plugins\/seo\/ -->\n<title>Formations \/ Accompagnement - L&#039;ECREVIS<\/title>\n<meta name=\"robots\" content=\"index, follow, max-snippet:-1, max-image-preview:large, max-video-preview:-1\" \/>\n<link rel=\"canonical\" href=\"https:\/\/ecrevis.eco\/site\/formations-accompagnement\/\" \/>\n<meta property=\"og:locale\" content=\"fr_FR\" \/>\n<meta property=\"og:type\" content=\"article\" \/>\n<meta property=\"og:title\" content=\"Formations \/ Accompagnement - L&#039;ECREVIS\" \/>\n<meta property=\"og:description\" content=\"LES FORMATIONS ET L&rsquo;ACCOMPAGNEMENTpropos\u00e9s par l&rsquo;ECREVIS Donnez de l\u2019\u00e9lan \u00e0 vos projets collectifs 5 ans apr\u00e8s l\u2019ouverture de ses portes, l\u2019ECREVIS est maintenant propri\u00e9taire de ses murs&nbsp;! Une exp\u00e9rience enti\u00e8rement autofinanc\u00e9e et autog\u00e9r\u00e9e que les accompagnateur\u00b7ices et formateur\u00b7ices proposent de vous partager. Comme pour toute aventure humaine, des personnes ont d\u00e9cid\u00e9 de se rassembler pour [&hellip;]\" \/>\n<meta property=\"og:url\" content=\"https:\/\/ecrevis.eco\/site\/formations-accompagnement\/\" \/>\n<meta property=\"og:site_name\" content=\"L&#039;ECREVIS\" \/>\n<meta property=\"article:publisher\" content=\"https:\/\/www.facebook.com\/ecrevis.annecy\" \/>\n<meta property=\"article:modified_time\" content=\"2023-11-27T21:21:23+00:00\" \/>\n<meta property=\"og:image\" content=\"https:\/\/ecrevis.eco\/site\/wp-content\/uploads\/2023\/10\/f41ee65eba280721cf2f0a21e9238a35da5dbaae69cecb44e67951982c6a2fc8-1024x348.png\" \/>\n<meta name=\"twitter:card\" content=\"summary_large_image\" \/>\n<meta name=\"twitter:label1\" content=\"Dur\u00e9e de lecture estim\u00e9e\" \/>\n\t<meta name=\"twitter:data1\" content=\"2 minutes\" \/>\n<script type=\"application\/ld+json\" class=\"yoast-schema-graph\">{\"@context\":\"https:\/\/schema.org\",\"@graph\":[{\"@type\":\"WebPage\",\"@id\":\"https:\/\/ecrevis.eco\/site\/formations-accompagnement\/\",\"url\":\"https:\/\/ecrevis.eco\/site\/formations-accompagnement\/\",\"name\":\"Formations \/ Accompagnement - L&#039;ECREVIS\",\"isPartOf\":{\"@id\":\"https:\/\/ecrevis.eco\/site\/#website\"},\"primaryImageOfPage\":{\"@id\":\"https:\/\/ecrevis.eco\/site\/formations-accompagnement\/#primaryimage\"},\"image\":{\"@id\":\"https:\/\/ecrevis.eco\/site\/formations-accompagnement\/#primaryimage\"},\"thumbnailUrl\":\"https:\/\/ecrevis.eco\/site\/wp-content\/uploads\/2023\/10\/f41ee65eba280721cf2f0a21e9238a35da5dbaae69cecb44e67951982c6a2fc8-1024x348.png\",\"datePublished\":\"2023-10-31T10:38:03+00:00\",\"dateModified\":\"2023-11-27T21:21:23+00:00\",\"breadcrumb\":{\"@id\":\"https:\/\/ecrevis.eco\/site\/formations-accompagnement\/#breadcrumb\"},\"inLanguage\":\"fr-FR\",\"potentialAction\":[{\"@type\":\"ReadAction\",\"target\":[\"https:\/\/ecrevis.eco\/site\/formations-accompagnement\/\"]}]},{\"@type\":\"ImageObject\",\"inLanguage\":\"fr-FR\",\"@id\":\"https:\/\/ecrevis.eco\/site\/formations-accompagnement\/#primaryimage\",\"url\":\"https:\/\/ecrevis.eco\/site\/wp-content\/uploads\/2023\/10\/f41ee65eba280721cf2f0a21e9238a35da5dbaae69cecb44e67951982c6a2fc8.png\",\"contentUrl\":\"https:\/\/ecrevis.eco\/site\/wp-content\/uploads\/2023\/10\/f41ee65eba280721cf2f0a21e9238a35da5dbaae69cecb44e67951982c6a2fc8.png\",\"width\":1413,\"height\":480},{\"@type\":\"BreadcrumbList\",\"@id\":\"https:\/\/ecrevis.eco\/site\/formations-accompagnement\/#breadcrumb\",\"itemListElement\":[{\"@type\":\"ListItem\",\"position\":1,\"name\":\"Accueil\",\"item\":\"https:\/\/ecrevis.eco\/site\/\"},{\"@type\":\"ListItem\",\"position\":2,\"name\":\"Formations \/ Accompagnement\"}]},{\"@type\":\"WebSite\",\"@id\":\"https:\/\/ecrevis.eco\/site\/#website\",\"url\":\"https:\/\/ecrevis.eco\/site\/\",\"name\":\"L'ECREVIS\",\"description\":\"\",\"publisher\":{\"@id\":\"https:\/\/ecrevis.eco\/site\/#organization\"},\"potentialAction\":[{\"@type\":\"SearchAction\",\"target\":{\"@type\":\"EntryPoint\",\"urlTemplate\":\"https:\/\/ecrevis.eco\/site\/?s={search_term_string}\"},\"query-input\":{\"@type\":\"PropertyValueSpecification\",\"valueRequired\":true,\"valueName\":\"search_term_string\"}}],\"inLanguage\":\"fr-FR\"},{\"@type\":\"Organization\",\"@id\":\"https:\/\/ecrevis.eco\/site\/#organization\",\"name\":\"L'ECREVIS\",\"url\":\"https:\/\/ecrevis.eco\/site\/\",\"logo\":{\"@type\":\"ImageObject\",\"inLanguage\":\"fr-FR\",\"@id\":\"https:\/\/ecrevis.eco\/site\/#\/schema\/logo\/image\/\",\"url\":\"https:\/\/ecrevis.eco\/site\/wp-content\/uploads\/2019\/03\/cropped-LOGO-E-CRE-VIS-BLEU-1.jpg\",\"contentUrl\":\"https:\/\/ecrevis.eco\/site\/wp-content\/uploads\/2019\/03\/cropped-LOGO-E-CRE-VIS-BLEU-1.jpg\",\"width\":1529,\"height\":1174,\"caption\":\"L'ECREVIS\"},\"image\":{\"@id\":\"https:\/\/ecrevis.eco\/site\/#\/schema\/logo\/image\/\"},\"sameAs\":[\"https:\/\/www.facebook.com\/ecrevis.annecy\",\"https:\/\/www.instagram.com\/ecrevis.annecy\",\"https:\/\/www.linkedin.com\/company\/ecrevisannecy\/\"]}]}<\/script>\n<!-- \/ Yoast SEO plugin. -->","yoast_head_json":{"title":"Formations \/ Accompagnement - L&#039;ECREVIS","robots":{"index":"index","follow":"follow","max-snippet":"max-snippet:-1","max-image-preview":"max-image-preview:large","max-video-preview":"max-video-preview:-1"},"canonical":"https:\/\/ecrevis.eco\/site\/formations-accompagnement\/","og_locale":"fr_FR","og_type":"article","og_title":"Formations \/ Accompagnement - L&#039;ECREVIS","og_description":"LES FORMATIONS ET L&rsquo;ACCOMPAGNEMENTpropos\u00e9s par l&rsquo;ECREVIS Donnez de l\u2019\u00e9lan \u00e0 vos projets collectifs 5 ans apr\u00e8s l\u2019ouverture de ses portes, l\u2019ECREVIS est maintenant propri\u00e9taire de ses murs&nbsp;! Une exp\u00e9rience enti\u00e8rement autofinanc\u00e9e et autog\u00e9r\u00e9e que les accompagnateur\u00b7ices et formateur\u00b7ices proposent de vous partager. Comme pour toute aventure humaine, des personnes ont d\u00e9cid\u00e9 de se rassembler pour [&hellip;]","og_url":"https:\/\/ecrevis.eco\/site\/formations-accompagnement\/","og_site_name":"L&#039;ECREVIS","article_publisher":"https:\/\/www.facebook.com\/ecrevis.annecy","article_modified_time":"2023-11-27T21:21:23+00:00","og_image":[{"url":"https:\/\/ecrevis.eco\/site\/wp-content\/uploads\/2023\/10\/f41ee65eba280721cf2f0a21e9238a35da5dbaae69cecb44e67951982c6a2fc8-1024x348.png","type":"","width":"","height":""}],"twitter_card":"summary_large_image","twitter_misc":{"Dur\u00e9e de lecture estim\u00e9e":"2 minutes"},"schema":{"@context":"https:\/\/schema.org","@graph":[{"@type":"WebPage","@id":"https:\/\/ecrevis.eco\/site\/formations-accompagnement\/","url":"https:\/\/ecrevis.eco\/site\/formations-accompagnement\/","name":"Formations \/ Accompagnement - L&#039;ECREVIS","isPartOf":{"@id":"https:\/\/ecrevis.eco\/site\/#website"},"primaryImageOfPage":{"@id":"https:\/\/ecrevis.eco\/site\/formations-accompagnement\/#primaryimage"},"image":{"@id":"https:\/\/ecrevis.eco\/site\/formations-accompagnement\/#primaryimage"},"thumbnailUrl":"https:\/\/ecrevis.eco\/site\/wp-content\/uploads\/2023\/10\/f41ee65eba280721cf2f0a21e9238a35da5dbaae69cecb44e67951982c6a2fc8-1024x348.png","datePublished":"2023-10-31T10:38:03+00:00","dateModified":"2023-11-27T21:21:23+00:00","breadcrumb":{"@id":"https:\/\/ecrevis.eco\/site\/formations-accompagnement\/#breadcrumb"},"inLanguage":"fr-FR","potentialAction":[{"@type":"ReadAction","target":["https:\/\/ecrevis.eco\/site\/formations-accompagnement\/"]}]},{"@type":"ImageObject","inLanguage":"fr-FR","@id":"https:\/\/ecrevis.eco\/site\/formations-accompagnement\/#primaryimage","url":"https:\/\/ecrevis.eco\/site\/wp-content\/uploads\/2023\/10\/f41ee65eba280721cf2f0a21e9238a35da5dbaae69cecb44e67951982c6a2fc8.png","contentUrl":"https:\/\/ecrevis.eco\/site\/wp-content\/uploads\/2023\/10\/f41ee65eba280721cf2f0a21e9238a35da5dbaae69cecb44e67951982c6a2fc8.png","width":1413,"height":480},{"@type":"BreadcrumbList","@id":"https:\/\/ecrevis.eco\/site\/formations-accompagnement\/#breadcrumb","itemListElement":[{"@type":"ListItem","position":1,"name":"Accueil","item":"https:\/\/ecrevis.eco\/site\/"},{"@type":"ListItem","position":2,"name":"Formations \/ Accompagnement"}]},{"@type":"WebSite","@id":"https:\/\/ecrevis.eco\/site\/#website","url":"https:\/\/ecrevis.eco\/site\/","name":"L'ECREVIS","description":"","publisher":{"@id":"https:\/\/ecrevis.eco\/site\/#organization"},"potentialAction":[{"@type":"SearchAction","target":{"@type":"EntryPoint","urlTemplate":"https:\/\/ecrevis.eco\/site\/?s={search_term_string}"},"query-input":{"@type":"PropertyValueSpecification","valueRequired":true,"valueName":"search_term_string"}}],"inLanguage":"fr-FR"},{"@type":"Organization","@id":"https:\/\/ecrevis.eco\/site\/#organization","name":"L'ECREVIS","url":"https:\/\/ecrevis.eco\/site\/","logo":{"@type":"ImageObject","inLanguage":"fr-FR","@id":"https:\/\/ecrevis.eco\/site\/#\/schema\/logo\/image\/","url":"https:\/\/ecrevis.eco\/site\/wp-content\/uploads\/2019\/03\/cropped-LOGO-E-CRE-VIS-BLEU-1.jpg","contentUrl":"https:\/\/ecrevis.eco\/site\/wp-content\/uploads\/2019\/03\/cropped-LOGO-E-CRE-VIS-BLEU-1.jpg","width":1529,"height":1174,"caption":"L'ECREVIS"},"image":{"@id":"https:\/\/ecrevis.eco\/site\/#\/schema\/logo\/image\/"},"sameAs":["https:\/\/www.facebook.com\/ecrevis.annecy","https:\/\/www.instagram.com\/ecrevis.annecy","https:\/\/www.linkedin.com\/company\/ecrevisannecy\/"]}]}},"_links":{"self":[{"href":"https:\/\/ecrevis.eco\/site\/wp-json\/wp\/v2\/pages\/5970"}],"collection":[{"href":"https:\/\/ecrevis.eco\/site\/wp-json\/wp\/v2\/pages"}],"about":[{"href":"https:\/\/ecrevis.eco\/site\/wp-json\/wp\/v2\/types\/page"}],"author":[{"embeddable":true,"href":"https:\/\/ecrevis.eco\/site\/wp-json\/wp\/v2\/users\/4"}],"replies":[{"embeddable":true,"href":"https:\/\/ecrevis.eco\/site\/wp-json\/wp\/v2\/comments?post=5970"}],"version-history":[{"count":16,"href":"https:\/\/ecrevis.eco\/site\/wp-json\/wp\/v2\/pages\/5970\/revisions"}],"predecessor-version":[{"id":6017,"href":"https:\/\/ecrevis.eco\/site\/wp-json\/wp\/v2\/pages\/5970\/revisions\/6017"}],"wp:attachment":[{"href":"https:\/\/ecrevis.eco\/site\/wp-json\/wp\/v2\/media?parent=5970"}],"curies":[{"name":"wp","href":"https:\/\/api.w.org\/{rel}","templated":true}]}}